{"id":434,"date":"2024-05-18T16:47:16","date_gmt":"2024-05-18T13:47:16","guid":{"rendered":"https:\/\/afacanbilgi.com\/esya\/?post_type=product&#038;p=434"},"modified":"2024-05-18T16:47:16","modified_gmt":"2024-05-18T13:47:16","slug":"ikinci-el-kamp-cadiri-cikma-kaliteli-cadir-gunluk-faaliyetlerle-mucadele-eden","status":"publish","type":"product","link":"https:\/\/afacanbilgi.com\/esya\/urun\/ikinci-el-kamp-cadiri-cikma-kaliteli-cadir-gunluk-faaliyetlerle-mucadele-eden\/","title":{"rendered":"\u0130kinci el kamp \u00e7ad\u0131r\u0131 \u00e7\u0131kma kaliteli \u00e7ad\u0131r g\u00fcnl\u00fck faaliyetlerle m\u00fccadele eden"},"content":{"rendered":"<div id=\"attachment_435\" style=\"width: 1104px\" class=\"wp-caption aligncenter\"><img loading=\"lazy\" decoding=\"async\" aria-describedby=\"caption-attachment-435\" class=\"wp-image-435 size-full\" title=\"\u0130kinci el kamp \u00e7ad\u0131r\u0131\" src=\"https:\/\/afacanbilgi.com\/esya\/wp-content\/uploads\/2024\/05\/Ikinci-el-kamp-cadiri-2.png\" alt=\"\" width=\"1094\" height=\"565\" srcset=\"https:\/\/afacanbilgi.com\/esya\/wp-content\/uploads\/2024\/05\/Ikinci-el-kamp-cadiri-2.png 1094w, https:\/\/afacanbilgi.com\/esya\/wp-content\/uploads\/2024\/05\/Ikinci-el-kamp-cadiri-2-600x310.png 600w, https:\/\/afacanbilgi.com\/esya\/wp-content\/uploads\/2024\/05\/Ikinci-el-kamp-cadiri-2-300x155.png 300w, https:\/\/afacanbilgi.com\/esya\/wp-content\/uploads\/2024\/05\/Ikinci-el-kamp-cadiri-2-1024x529.png 1024w, https:\/\/afacanbilgi.com\/esya\/wp-content\/uploads\/2024\/05\/Ikinci-el-kamp-cadiri-2-768x397.png 768w\" sizes=\"auto, (max-width: 1094px) 100vw, 1094px\" \/><p id=\"caption-attachment-435\" class=\"wp-caption-text\">\u0130kinci el kamp \u00e7ad\u0131r\u0131<\/p><\/div>\n<p><img loading=\"lazy\" decoding=\"async\" class=\"aligncenter size-full wp-image-436\" src=\"https:\/\/afacanbilgi.com\/esya\/wp-content\/uploads\/2024\/05\/Ikinci-el-kamp-cadiri-1.png\" alt=\"\" width=\"593\" height=\"635\" title=\"\" srcset=\"https:\/\/afacanbilgi.com\/esya\/wp-content\/uploads\/2024\/05\/Ikinci-el-kamp-cadiri-1.png 593w, https:\/\/afacanbilgi.com\/esya\/wp-content\/uploads\/2024\/05\/Ikinci-el-kamp-cadiri-1-280x300.png 280w\" sizes=\"auto, (max-width: 593px) 100vw, 593px\" \/><\/p>\n","protected":false},"excerpt":{"rendered":"<p><strong>En iyi se\u00e7imlerini, \u00dcreticilerini ve Ucuz<\/strong> Kaynaklar\u0131n\u0131 ve Y\u00fcksek Kaliteli \u00dcr\u00fcnleri, ikinci el kamp \u00e7ad\u0131r\u0131 Konu\u015fan Market bulun Garantili ikinciel s\u0131f\u0131r kullan\u0131lm\u0131\u015f <strong>ikinci el \u00e7ad\u0131r<\/strong>, g\u00fcnl\u00fck faaliyetlerle m\u00fccadele eden engelli veya ya\u015fl\u0131 bireylere \u00f6zg\u00fcrl\u00fck ar\u0131zal\u0131 hatal\u0131 spot yenilenmi\u015f 2.el \u00fcr\u00fcn al\u0131m al\u0131\u015f sat\u0131m<\/p>\n","protected":false},"featured_media":435,"template":"","meta":[],"product_brand":[],"product_cat":[35],"product_tag":[],"class_list":{"0":"post-434","1":"product","2":"type-product","3":"status-publish","4":"has-post-thumbnail","6":"product_cat-spot-defolu-esya","8":"first","9":"instock","10":"sale","11":"shipping-taxable","12":"purchasable","13":"product-type-simple"},"_links":{"self":[{"href":"https:\/\/afacanbilgi.com\/esya\/wp-json\/wp\/v2\/product\/434","targetHints":{"allow":["GET"]}}],"collection":[{"href":"https:\/\/afacanbilgi.com\/esya\/wp-json\/wp\/v2\/product"}],"about":[{"href":"https:\/\/afacanbilgi.com\/esya\/wp-json\/wp\/v2\/types\/product"}],"wp:featuredmedia":[{"embeddable":true,"href":"https:\/\/afacanbilgi.com\/esya\/wp-json\/wp\/v2\/media\/435"}],"wp:attachment":[{"href":"https:\/\/afacanbilgi.com\/esya\/wp-json\/wp\/v2\/media?parent=434"}],"wp:term":[{"taxonomy":"product_brand","embeddable":true,"href":"https:\/\/afacanbilgi.com\/esya\/wp-json\/wp\/v2\/product_brand?post=434"},{"taxonomy":"product_cat","embeddable":true,"href":"https:\/\/afacanbilgi.com\/esya\/wp-json\/wp\/v2\/product_cat?post=434"},{"taxonomy":"product_tag","embeddable":true,"href":"https:\/\/afacanbilgi.com\/esya\/wp-json\/wp\/v2\/product_tag?post=434"}],"curies":[{"name":"wp","href":"https:\/\/api.w.org\/{rel}","templated":true}]}}