{"id":452,"date":"2024-05-18T17:30:09","date_gmt":"2024-05-18T14:30:09","guid":{"rendered":"https:\/\/afacanbilgi.com\/esya\/?post_type=product&#038;p=452"},"modified":"2024-05-18T17:30:09","modified_gmt":"2024-05-18T14:30:09","slug":"defolu-arcelik-camasir-makinesi-teshir-urun-garantili-fabrika-defosu","status":"publish","type":"product","link":"https:\/\/afacanbilgi.com\/esya\/urun\/defolu-arcelik-camasir-makinesi-teshir-urun-garantili-fabrika-defosu\/","title":{"rendered":"Defolu ar\u00e7elik \u00e7ama\u015f\u0131r makinesi te\u015fhir \u00fcr\u00fcn garantili fabrika defosu"},"content":{"rendered":"<div id=\"attachment_453\" style=\"width: 801px\" class=\"wp-caption aligncenter\"><img loading=\"lazy\" decoding=\"async\" aria-describedby=\"caption-attachment-453\" class=\"wp-image-453 size-full\" title=\"Defolu ar\u00e7elik \u00e7ama\u015f\u0131r makinesi\" src=\"https:\/\/afacanbilgi.com\/esya\/wp-content\/uploads\/2024\/05\/Defolu-arcelik-camasir-makinesi-3.png\" alt=\"\" width=\"791\" height=\"629\" srcset=\"https:\/\/afacanbilgi.com\/esya\/wp-content\/uploads\/2024\/05\/Defolu-arcelik-camasir-makinesi-3.png 791w, https:\/\/afacanbilgi.com\/esya\/wp-content\/uploads\/2024\/05\/Defolu-arcelik-camasir-makinesi-3-600x477.png 600w, https:\/\/afacanbilgi.com\/esya\/wp-content\/uploads\/2024\/05\/Defolu-arcelik-camasir-makinesi-3-300x239.png 300w, https:\/\/afacanbilgi.com\/esya\/wp-content\/uploads\/2024\/05\/Defolu-arcelik-camasir-makinesi-3-768x611.png 768w\" sizes=\"auto, (max-width: 791px) 100vw, 791px\" \/><p id=\"caption-attachment-453\" class=\"wp-caption-text\">Defolu ar\u00e7elik \u00e7ama\u015f\u0131r makinesi<\/p><\/div>\n<div id=\"attachment_454\" style=\"width: 720px\" class=\"wp-caption aligncenter\"><img loading=\"lazy\" decoding=\"async\" aria-describedby=\"caption-attachment-454\" class=\"wp-image-454 size-full\" title=\"ar\u00e7elik \u00e7ama\u015f\u0131r makinesi\" src=\"https:\/\/afacanbilgi.com\/esya\/wp-content\/uploads\/2024\/05\/Defolu-arcelik-camasir-makinesi-1.png\" alt=\"\" width=\"710\" height=\"631\" srcset=\"https:\/\/afacanbilgi.com\/esya\/wp-content\/uploads\/2024\/05\/Defolu-arcelik-camasir-makinesi-1.png 710w, https:\/\/afacanbilgi.com\/esya\/wp-content\/uploads\/2024\/05\/Defolu-arcelik-camasir-makinesi-1-600x533.png 600w, https:\/\/afacanbilgi.com\/esya\/wp-content\/uploads\/2024\/05\/Defolu-arcelik-camasir-makinesi-1-300x267.png 300w\" sizes=\"auto, (max-width: 710px) 100vw, 710px\" \/><p id=\"caption-attachment-454\" class=\"wp-caption-text\">ar\u00e7elik \u00e7ama\u015f\u0131r makinesi<\/p><\/div>\n<p><img loading=\"lazy\" decoding=\"async\" class=\"aligncenter size-full wp-image-455\" src=\"https:\/\/afacanbilgi.com\/esya\/wp-content\/uploads\/2024\/05\/Defolu-arcelik-camasir-makinesi-2.png\" alt=\"\" width=\"908\" height=\"641\" title=\"\" srcset=\"https:\/\/afacanbilgi.com\/esya\/wp-content\/uploads\/2024\/05\/Defolu-arcelik-camasir-makinesi-2.png 908w, https:\/\/afacanbilgi.com\/esya\/wp-content\/uploads\/2024\/05\/Defolu-arcelik-camasir-makinesi-2-600x424.png 600w, https:\/\/afacanbilgi.com\/esya\/wp-content\/uploads\/2024\/05\/Defolu-arcelik-camasir-makinesi-2-300x212.png 300w, https:\/\/afacanbilgi.com\/esya\/wp-content\/uploads\/2024\/05\/Defolu-arcelik-camasir-makinesi-2-768x542.png 768w\" sizes=\"auto, (max-width: 908px) 100vw, 908px\" \/><\/p>\n","protected":false},"excerpt":{"rendered":"<h3>Ar\u00e7elik 9124 Ycm 1200 Devir 9 kg \u00c7ama\u015f\u0131r Makinesi Outlet \u00dcr\u00fcn Ar\u00e7elik Beyaz E\u015fya<\/h3>\n<p>Te\u015fhir Outlet Fiyatlar\u0131 en ucuz fiyat <strong>Outlet Beyaz E\u015fya \u00dcr\u00fcnleri Nelerdir?<\/strong> Outlet \u00c7ama\u015f\u0131r ve Bula\u015f\u0131k Makinesi defolu te\u015fhir beyaz e\u015fya yeniden D\u00f6n\u00fc\u015ft\u00fcr\u00fclm\u00fc\u015f Ar\u00e7elik 10120 M \u00c7ama\u015f\u0131r Makinesi. Ar\u00e7elik. Yeniden D\u00f6n\u00fc\u015ft\u00fcr\u00fclm\u00fc\u015f Ar\u00e7elik 10120 M \u00c7ama\u015f\u0131r Makinesi %50 \u0130ndirimli Outlet ar\u00e7elik \u00e7ama\u015f\u0131r makinesi (te\u015fhir \u00fcr\u00fcnleri) Te\u015fhir \u00fcr\u00fcn\u00fc \u00e7ama\u015f\u0131r makinesi al\u0131n\u0131r m\u0131 Defolu Ar\u00e7elik 9124 Ycm 1200 Devir 9 kg \u00c7ama\u015f\u0131r Makinesi \u00c7AMA\u015eIR KURUTMA MAK\u0130NES\u0130 Outlet ve Te\u015fhir \u00dcr\u00fcnleri T\u00fcm Modeller Ar\u00e7elik<\/p>\n","protected":false},"featured_media":454,"template":"","meta":[],"product_brand":[],"product_cat":[33,35],"product_tag":[40],"class_list":{"0":"post-452","1":"product","2":"type-product","3":"status-publish","4":"has-post-thumbnail","6":"product_cat-ikinci-el-beyaz-esya","7":"product_cat-spot-defolu-esya","8":"product_tag-ikinci-el-camasir-makinesi","10":"first","11":"instock","12":"sale","13":"shipping-taxable","14":"purchasable","15":"product-type-simple"},"_links":{"self":[{"href":"https:\/\/afacanbilgi.com\/esya\/wp-json\/wp\/v2\/product\/452","targetHints":{"allow":["GET"]}}],"collection":[{"href":"https:\/\/afacanbilgi.com\/esya\/wp-json\/wp\/v2\/product"}],"about":[{"href":"https:\/\/afacanbilgi.com\/esya\/wp-json\/wp\/v2\/types\/product"}],"wp:featuredmedia":[{"embeddable":true,"href":"https:\/\/afacanbilgi.com\/esya\/wp-json\/wp\/v2\/media\/454"}],"wp:attachment":[{"href":"https:\/\/afacanbilgi.com\/esya\/wp-json\/wp\/v2\/media?parent=452"}],"wp:term":[{"taxonomy":"product_brand","embeddable":true,"href":"https:\/\/afacanbilgi.com\/esya\/wp-json\/wp\/v2\/product_brand?post=452"},{"taxonomy":"product_cat","embeddable":true,"href":"https:\/\/afacanbilgi.com\/esya\/wp-json\/wp\/v2\/product_cat?post=452"},{"taxonomy":"product_tag","embeddable":true,"href":"https:\/\/afacanbilgi.com\/esya\/wp-json\/wp\/v2\/product_tag?post=452"}],"curies":[{"name":"wp","href":"https:\/\/api.w.org\/{rel}","templated":true}]}}