{"id":456,"date":"2024-05-19T09:21:38","date_gmt":"2024-05-19T06:21:38","guid":{"rendered":"https:\/\/afacanbilgi.com\/esya\/?post_type=product&#038;p=456"},"modified":"2024-05-19T09:21:38","modified_gmt":"2024-05-19T06:21:38","slug":"ikinci-el-buhar-kazanlari-isitma-sistemleri-2-el-buhar-kazanlari","status":"publish","type":"product","link":"https:\/\/afacanbilgi.com\/esya\/urun\/ikinci-el-buhar-kazanlari-isitma-sistemleri-2-el-buhar-kazanlari\/","title":{"rendered":"\u0130kinci el Buhar kazanlar\u0131 ISITMA SISTEMLERI 2 EL BUHAR KAZANLARI"},"content":{"rendered":"<div id=\"attachment_457\" style=\"width: 864px\" class=\"wp-caption aligncenter\"><img loading=\"lazy\" decoding=\"async\" aria-describedby=\"caption-attachment-457\" class=\"wp-image-457 size-full\" title=\" buhar kazan\u0131 ikinci el\" src=\"https:\/\/afacanbilgi.com\/esya\/wp-content\/uploads\/2024\/05\/buhar-kazani-ikinci-el-1.png\" alt=\"\" width=\"854\" height=\"635\" srcset=\"https:\/\/afacanbilgi.com\/esya\/wp-content\/uploads\/2024\/05\/buhar-kazani-ikinci-el-1.png 854w, https:\/\/afacanbilgi.com\/esya\/wp-content\/uploads\/2024\/05\/buhar-kazani-ikinci-el-1-600x446.png 600w, https:\/\/afacanbilgi.com\/esya\/wp-content\/uploads\/2024\/05\/buhar-kazani-ikinci-el-1-300x223.png 300w, https:\/\/afacanbilgi.com\/esya\/wp-content\/uploads\/2024\/05\/buhar-kazani-ikinci-el-1-768x571.png 768w, https:\/\/afacanbilgi.com\/esya\/wp-content\/uploads\/2024\/05\/buhar-kazani-ikinci-el-1-160x120.png 160w\" sizes=\"auto, (max-width: 854px) 100vw, 854px\" \/><p id=\"caption-attachment-457\" class=\"wp-caption-text\">buhar kazan\u0131 ikinci el<\/p><\/div>\n<p><img loading=\"lazy\" decoding=\"async\" class=\"aligncenter size-full wp-image-458\" src=\"https:\/\/afacanbilgi.com\/esya\/wp-content\/uploads\/2024\/05\/buhar-kazani-ikinci-el-2.png\" alt=\"\" width=\"743\" height=\"557\" title=\"\" srcset=\"https:\/\/afacanbilgi.com\/esya\/wp-content\/uploads\/2024\/05\/buhar-kazani-ikinci-el-2.png 743w, https:\/\/afacanbilgi.com\/esya\/wp-content\/uploads\/2024\/05\/buhar-kazani-ikinci-el-2-600x450.png 600w, https:\/\/afacanbilgi.com\/esya\/wp-content\/uploads\/2024\/05\/buhar-kazani-ikinci-el-2-300x225.png 300w, https:\/\/afacanbilgi.com\/esya\/wp-content\/uploads\/2024\/05\/buhar-kazani-ikinci-el-2-160x120.png 160w\" sizes=\"auto, (max-width: 743px) 100vw, 743px\" \/><\/p>\n","protected":false},"excerpt":{"rendered":"<p>16 t\\\\h &#8211; 12 bar Gaz Yak\u0131tl\u0131 Buhar Kazan\u0131. 2.el havaland\u0131rma borular\u0131 2.el havaland\u0131rma sistemleri 2. el \u00fct\u00fc kazan\u0131 fiyatlar\u0131 Buhar Kazan\u0131 Fiyatlar\u0131 2.el fan fiyatlar\u0131 <strong>BUHAR JENERAT\u00d6R\u00dc sahibinden Proje Ad\u0131:<\/strong> G\u00fcrcistan Tekstil Fabrikas\u0131 Gaz Yak\u0131tl\u0131 Buhar Kazan\u0131 Projesi Buhar Kapasitesi Sat\u0131l\u0131k D\u00f6ner \u0131zgaral\u0131 buhar kazanlar\u0131 arayanlar\u0131n, <strong>\u0130kinci el Buhar kazanlar\u0131 ISITMA SISTEMLERI 2 EL BUHAR KAZANLARI<\/strong>. buhar kazan\u0131, 1996 yap\u0131m\u0131, kapasite: 3,2 ton doymu\u015f buhar\/saat, 13 bar emniyet valfi, C0ugwsmf Br\u00fcl\u00f6r: Weishaupt WL \u0131s\u0131tma ya\u011f\u0131 i\u00e7in buhar kazan\u0131 ikinci el<\/p>\n","protected":false},"featured_media":458,"template":"","meta":[],"product_brand":[],"product_cat":[15,36],"product_tag":[],"class_list":{"0":"post-456","1":"product","2":"type-product","3":"status-publish","4":"has-post-thumbnail","6":"product_cat-ikinci-el-esya","7":"product_cat-ikinci-el-is-makineleri","9":"first","10":"instock","11":"sale","12":"shipping-taxable","13":"purchasable","14":"product-type-simple"},"_links":{"self":[{"href":"https:\/\/afacanbilgi.com\/esya\/wp-json\/wp\/v2\/product\/456","targetHints":{"allow":["GET"]}}],"collection":[{"href":"https:\/\/afacanbilgi.com\/esya\/wp-json\/wp\/v2\/product"}],"about":[{"href":"https:\/\/afacanbilgi.com\/esya\/wp-json\/wp\/v2\/types\/product"}],"wp:featuredmedia":[{"embeddable":true,"href":"https:\/\/afacanbilgi.com\/esya\/wp-json\/wp\/v2\/media\/458"}],"wp:attachment":[{"href":"https:\/\/afacanbilgi.com\/esya\/wp-json\/wp\/v2\/media?parent=456"}],"wp:term":[{"taxonomy":"product_brand","embeddable":true,"href":"https:\/\/afacanbilgi.com\/esya\/wp-json\/wp\/v2\/product_brand?post=456"},{"taxonomy":"product_cat","embeddable":true,"href":"https:\/\/afacanbilgi.com\/esya\/wp-json\/wp\/v2\/product_cat?post=456"},{"taxonomy":"product_tag","embeddable":true,"href":"https:\/\/afacanbilgi.com\/esya\/wp-json\/wp\/v2\/product_tag?post=456"}],"curies":[{"name":"wp","href":"https:\/\/api.w.org\/{rel}","templated":true}]}}