{"id":463,"date":"2024-05-19T15:12:56","date_gmt":"2024-05-19T12:12:56","guid":{"rendered":"https:\/\/afacanbilgi.com\/esya\/?post_type=product&#038;p=463"},"modified":"2024-05-19T15:12:56","modified_gmt":"2024-05-19T12:12:56","slug":"spot-fayans-spot-seramik-bazaar-1-m2-seramik-kac-tl-duvar","status":"publish","type":"product","link":"https:\/\/afacanbilgi.com\/esya\/urun\/spot-fayans-spot-seramik-bazaar-1-m2-seramik-kac-tl-duvar\/","title":{"rendered":"Spot fayans SPOT SERAM\u0130K BAZAAR 1 M2 seramik ka\u00e7 TL? Duvar"},"content":{"rendered":"<div id=\"attachment_464\" style=\"width: 916px\" class=\"wp-caption aligncenter\"><img loading=\"lazy\" decoding=\"async\" aria-describedby=\"caption-attachment-464\" class=\"wp-image-464 size-full\" title=\"Spot fayans\" src=\"https:\/\/afacanbilgi.com\/esya\/wp-content\/uploads\/2024\/05\/Spot-fayans-2.png\" alt=\"\" width=\"906\" height=\"607\" srcset=\"https:\/\/afacanbilgi.com\/esya\/wp-content\/uploads\/2024\/05\/Spot-fayans-2.png 906w, https:\/\/afacanbilgi.com\/esya\/wp-content\/uploads\/2024\/05\/Spot-fayans-2-600x402.png 600w, https:\/\/afacanbilgi.com\/esya\/wp-content\/uploads\/2024\/05\/Spot-fayans-2-300x201.png 300w, https:\/\/afacanbilgi.com\/esya\/wp-content\/uploads\/2024\/05\/Spot-fayans-2-768x515.png 768w\" sizes=\"auto, (max-width: 906px) 100vw, 906px\" \/><p id=\"caption-attachment-464\" class=\"wp-caption-text\">Spot fayans<\/p><\/div>\n<p><img loading=\"lazy\" decoding=\"async\" class=\"aligncenter size-full wp-image-465\" src=\"https:\/\/afacanbilgi.com\/esya\/wp-content\/uploads\/2024\/05\/Spot-fayans-1.png\" alt=\"\" width=\"836\" height=\"627\" title=\"\" srcset=\"https:\/\/afacanbilgi.com\/esya\/wp-content\/uploads\/2024\/05\/Spot-fayans-1.png 836w, https:\/\/afacanbilgi.com\/esya\/wp-content\/uploads\/2024\/05\/Spot-fayans-1-600x450.png 600w, https:\/\/afacanbilgi.com\/esya\/wp-content\/uploads\/2024\/05\/Spot-fayans-1-300x225.png 300w, https:\/\/afacanbilgi.com\/esya\/wp-content\/uploads\/2024\/05\/Spot-fayans-1-768x576.png 768w, https:\/\/afacanbilgi.com\/esya\/wp-content\/uploads\/2024\/05\/Spot-fayans-1-160x120.png 160w\" sizes=\"auto, (max-width: 836px) 100vw, 836px\" \/><\/p>\n","protected":false},"excerpt":{"rendered":"<p>Spot fayans SPOT SERAM\u0130K BAZAAR 1 M2 seramik ka\u00e7 TL? Duvar &#8211; Fayans kaplama folyolar\u0131n\u0131n y\u00fczeyinde laminasyon (\u015feffaf koruyucu) vard\u0131r. Spot seramik ne demek? TOPTAN PERAKENDE SER\u0130 SONU DEFOLU SPOT 1. 2. KAL\u0130TE DEFOLU Defolu fayans ne demek? En uygun fayans fiyatlar\u0131 defolu seramik, <strong>outlet seramik, 2.kalite seramik, spot seramik ve <\/strong>Yap\u0131 Market ve H\u0131rdavat \u00fcr\u00fcnleri uygun fiyatlar ve Param G\u00fcvende ile kartla \u00f6deme ve kargo g\u00f6nderimi imkanlar\u0131yla T\u00fcm T\u00fcrkiye&#8217;ye Toptan Seramik Sat\u0131\u015f\u0131. 1.Kalite Seramik, 2.Kalite Seramik, Defolu Seramik,<\/p>\n","protected":false},"featured_media":465,"template":"","meta":[],"product_brand":[],"product_cat":[15,35],"product_tag":[],"class_list":{"0":"post-463","1":"product","2":"type-product","3":"status-publish","4":"has-post-thumbnail","6":"product_cat-ikinci-el-esya","7":"product_cat-spot-defolu-esya","9":"first","10":"instock","11":"sale","12":"shipping-taxable","13":"purchasable","14":"product-type-simple"},"_links":{"self":[{"href":"https:\/\/afacanbilgi.com\/esya\/wp-json\/wp\/v2\/product\/463","targetHints":{"allow":["GET"]}}],"collection":[{"href":"https:\/\/afacanbilgi.com\/esya\/wp-json\/wp\/v2\/product"}],"about":[{"href":"https:\/\/afacanbilgi.com\/esya\/wp-json\/wp\/v2\/types\/product"}],"wp:featuredmedia":[{"embeddable":true,"href":"https:\/\/afacanbilgi.com\/esya\/wp-json\/wp\/v2\/media\/465"}],"wp:attachment":[{"href":"https:\/\/afacanbilgi.com\/esya\/wp-json\/wp\/v2\/media?parent=463"}],"wp:term":[{"taxonomy":"product_brand","embeddable":true,"href":"https:\/\/afacanbilgi.com\/esya\/wp-json\/wp\/v2\/product_brand?post=463"},{"taxonomy":"product_cat","embeddable":true,"href":"https:\/\/afacanbilgi.com\/esya\/wp-json\/wp\/v2\/product_cat?post=463"},{"taxonomy":"product_tag","embeddable":true,"href":"https:\/\/afacanbilgi.com\/esya\/wp-json\/wp\/v2\/product_tag?post=463"}],"curies":[{"name":"wp","href":"https:\/\/api.w.org\/{rel}","templated":true}]}}