{"id":466,"date":"2024-05-19T15:17:39","date_gmt":"2024-05-19T12:17:39","guid":{"rendered":"https:\/\/afacanbilgi.com\/esya\/?post_type=product&#038;p=466"},"modified":"2024-05-19T15:17:39","modified_gmt":"2024-05-19T12:17:39","slug":"vintage-ayna-retro-ahsap-cerceve-orjinal-vintage-ayna-vintage-duvar-aynasi-zarif-tasarim","status":"publish","type":"product","link":"https:\/\/afacanbilgi.com\/esya\/urun\/vintage-ayna-retro-ahsap-cerceve-orjinal-vintage-ayna-vintage-duvar-aynasi-zarif-tasarim\/","title":{"rendered":"Vintage ayna retro ah\u015fap \u00e7er\u00e7eve orjinal vintage ayna Vintage Duvar Aynas\u0131 Zarif Tasar\u0131m"},"content":{"rendered":"<div id=\"attachment_467\" style=\"width: 797px\" class=\"wp-caption aligncenter\"><img loading=\"lazy\" decoding=\"async\" aria-describedby=\"caption-attachment-467\" class=\"wp-image-467 size-full\" title=\"orjinal vintage ayna\" src=\"https:\/\/afacanbilgi.com\/esya\/wp-content\/uploads\/2024\/05\/orjinal-vintage-ayna-1.png\" alt=\"\" width=\"787\" height=\"630\" srcset=\"https:\/\/afacanbilgi.com\/esya\/wp-content\/uploads\/2024\/05\/orjinal-vintage-ayna-1.png 787w, https:\/\/afacanbilgi.com\/esya\/wp-content\/uploads\/2024\/05\/orjinal-vintage-ayna-1-600x480.png 600w, https:\/\/afacanbilgi.com\/esya\/wp-content\/uploads\/2024\/05\/orjinal-vintage-ayna-1-300x240.png 300w, https:\/\/afacanbilgi.com\/esya\/wp-content\/uploads\/2024\/05\/orjinal-vintage-ayna-1-768x615.png 768w\" sizes=\"auto, (max-width: 787px) 100vw, 787px\" \/><p id=\"caption-attachment-467\" class=\"wp-caption-text\">orjinal vintage ayna<\/p><\/div>\n<div id=\"attachment_468\" style=\"width: 800px\" class=\"wp-caption aligncenter\"><img loading=\"lazy\" decoding=\"async\" aria-describedby=\"caption-attachment-468\" class=\"wp-image-468 size-full\" title=\"vintage ayna\" src=\"https:\/\/afacanbilgi.com\/esya\/wp-content\/uploads\/2024\/05\/orjinal-vintage-ayna-2.png\" alt=\"\" width=\"790\" height=\"626\" srcset=\"https:\/\/afacanbilgi.com\/esya\/wp-content\/uploads\/2024\/05\/orjinal-vintage-ayna-2.png 790w, https:\/\/afacanbilgi.com\/esya\/wp-content\/uploads\/2024\/05\/orjinal-vintage-ayna-2-600x475.png 600w, https:\/\/afacanbilgi.com\/esya\/wp-content\/uploads\/2024\/05\/orjinal-vintage-ayna-2-300x238.png 300w, https:\/\/afacanbilgi.com\/esya\/wp-content\/uploads\/2024\/05\/orjinal-vintage-ayna-2-768x609.png 768w\" sizes=\"auto, (max-width: 790px) 100vw, 790px\" \/><p id=\"caption-attachment-468\" class=\"wp-caption-text\">vintage ayna<\/p><\/div>\n<p><img loading=\"lazy\" decoding=\"async\" class=\"aligncenter size-full wp-image-469\" src=\"https:\/\/afacanbilgi.com\/esya\/wp-content\/uploads\/2024\/05\/orjinal-vintage-ayna-3.png\" alt=\"\" width=\"788\" height=\"631\" title=\"\" srcset=\"https:\/\/afacanbilgi.com\/esya\/wp-content\/uploads\/2024\/05\/orjinal-vintage-ayna-3.png 788w, https:\/\/afacanbilgi.com\/esya\/wp-content\/uploads\/2024\/05\/orjinal-vintage-ayna-3-600x480.png 600w, https:\/\/afacanbilgi.com\/esya\/wp-content\/uploads\/2024\/05\/orjinal-vintage-ayna-3-300x240.png 300w, https:\/\/afacanbilgi.com\/esya\/wp-content\/uploads\/2024\/05\/orjinal-vintage-ayna-3-768x615.png 768w\" sizes=\"auto, (max-width: 788px) 100vw, 788px\" \/><\/p>\n","protected":false},"excerpt":{"rendered":"<p><strong>Micasso Antika Frans\u0131z Vintage Ayna,<\/strong> 78,7 cm x 48,2 cm S\u00fcsl\u00fc Alt\u0131n Kemer Duvar Aynas\u0131 Aynan\u0131n iyisi nas\u0131l anla\u015f\u0131l\u0131r? Varakl\u0131 ayna ne demek? Vintage Ayna Vintage El Aynas\u0131 Ayna Denizi Vintage Ta\u00e7 Model Sedef Renk Dekoratif Ayna en iyi fiyatla Antika Ayna<strong> Vintage Duvar Aynas\u0131 Zarif Tasar\u0131m: Aynan\u0131n<\/strong> \u00e7er\u00e7evesi, her t\u00fcrl\u00fc i\u00e7 mekan tasar\u0131m\u0131yla m\u00fckemmel bir uyum <strong>Vintage Boy Aynas\u0131 Vintage Pirin\u00e7 ayna<\/strong> Vintage ayna duvar aynas\u0131 Modern zarif uzun tam v\u00fccut masas\u0131 ayna ayna soyunma Espejo<br \/>\nSalonda boy aynas\u0131 olur mu?<br \/>\nB\u00fcy\u00fck ayna duvara nas\u0131l monte edilir?<\/p>\n","protected":false},"featured_media":469,"template":"","meta":[],"product_brand":[],"product_cat":[15],"product_tag":[],"class_list":{"0":"post-466","1":"product","2":"type-product","3":"status-publish","4":"has-post-thumbnail","6":"product_cat-ikinci-el-esya","8":"first","9":"instock","10":"sale","11":"shipping-taxable","12":"purchasable","13":"product-type-simple"},"_links":{"self":[{"href":"https:\/\/afacanbilgi.com\/esya\/wp-json\/wp\/v2\/product\/466","targetHints":{"allow":["GET"]}}],"collection":[{"href":"https:\/\/afacanbilgi.com\/esya\/wp-json\/wp\/v2\/product"}],"about":[{"href":"https:\/\/afacanbilgi.com\/esya\/wp-json\/wp\/v2\/types\/product"}],"wp:featuredmedia":[{"embeddable":true,"href":"https:\/\/afacanbilgi.com\/esya\/wp-json\/wp\/v2\/media\/469"}],"wp:attachment":[{"href":"https:\/\/afacanbilgi.com\/esya\/wp-json\/wp\/v2\/media?parent=466"}],"wp:term":[{"taxonomy":"product_brand","embeddable":true,"href":"https:\/\/afacanbilgi.com\/esya\/wp-json\/wp\/v2\/product_brand?post=466"},{"taxonomy":"product_cat","embeddable":true,"href":"https:\/\/afacanbilgi.com\/esya\/wp-json\/wp\/v2\/product_cat?post=466"},{"taxonomy":"product_tag","embeddable":true,"href":"https:\/\/afacanbilgi.com\/esya\/wp-json\/wp\/v2\/product_tag?post=466"}],"curies":[{"name":"wp","href":"https:\/\/api.w.org\/{rel}","templated":true}]}}