{"id":470,"date":"2024-05-19T15:21:25","date_gmt":"2024-05-19T12:21:25","guid":{"rendered":"https:\/\/afacanbilgi.com\/esya\/?post_type=product&#038;p=470"},"modified":"2024-05-19T15:21:25","modified_gmt":"2024-05-19T12:21:25","slug":"ikea-hauga-dolap-az-kullanildi-hauga-depolama-kombinasyonunuzu-olusturarak","status":"publish","type":"product","link":"https:\/\/afacanbilgi.com\/esya\/urun\/ikea-hauga-dolap-az-kullanildi-hauga-depolama-kombinasyonunuzu-olusturarak\/","title":{"rendered":"Ikea hauga dolap az kullan\u0131ld\u0131 HAUGA depolama kombinasyonunuzu olu\u015fturarak"},"content":{"rendered":"<div id=\"attachment_471\" style=\"width: 797px\" class=\"wp-caption aligncenter\"><img loading=\"lazy\" decoding=\"async\" aria-describedby=\"caption-attachment-471\" class=\"wp-image-471 size-full\" title=\"Ikea hauga dolap\" src=\"https:\/\/afacanbilgi.com\/esya\/wp-content\/uploads\/2024\/05\/Ikea-hauga-dolap-2.png\" alt=\"\" width=\"787\" height=\"631\" srcset=\"https:\/\/afacanbilgi.com\/esya\/wp-content\/uploads\/2024\/05\/Ikea-hauga-dolap-2.png 787w, https:\/\/afacanbilgi.com\/esya\/wp-content\/uploads\/2024\/05\/Ikea-hauga-dolap-2-600x481.png 600w, https:\/\/afacanbilgi.com\/esya\/wp-content\/uploads\/2024\/05\/Ikea-hauga-dolap-2-300x241.png 300w, https:\/\/afacanbilgi.com\/esya\/wp-content\/uploads\/2024\/05\/Ikea-hauga-dolap-2-768x616.png 768w\" sizes=\"auto, (max-width: 787px) 100vw, 787px\" \/><p id=\"caption-attachment-471\" class=\"wp-caption-text\">Ikea hauga dolap<\/p><\/div>\n<p><img loading=\"lazy\" decoding=\"async\" class=\"aligncenter size-full wp-image-472\" src=\"https:\/\/afacanbilgi.com\/esya\/wp-content\/uploads\/2024\/05\/Ikea-hauga-dolap-1.png\" alt=\"\" width=\"788\" height=\"632\" title=\"\" srcset=\"https:\/\/afacanbilgi.com\/esya\/wp-content\/uploads\/2024\/05\/Ikea-hauga-dolap-1.png 788w, https:\/\/afacanbilgi.com\/esya\/wp-content\/uploads\/2024\/05\/Ikea-hauga-dolap-1-600x481.png 600w, https:\/\/afacanbilgi.com\/esya\/wp-content\/uploads\/2024\/05\/Ikea-hauga-dolap-1-300x241.png 300w, https:\/\/afacanbilgi.com\/esya\/wp-content\/uploads\/2024\/05\/Ikea-hauga-dolap-1-768x616.png 768w\" sizes=\"auto, (max-width: 788px) 100vw, 788px\" \/><\/p>\n","protected":false},"excerpt":{"rendered":"<p>Ikea hauga dolap \u0130kinci el Ikea hauga dolap modelleri en uygun <strong>Hauga dolap ikea. Save. Save. More like<\/strong> this. a chair sitting in front of a computer desk. Maker Space from fiyatlar ve indirim f\u0131rsat\u0131yla IKEA-yatak odasi hauga cift kisilik karyola. IKEA &#8211; HAUGA, \u00e7ift ki\u015filik karyola, vissle gri, T\u0131kla, Ikea hauga dolap fiyatlar\u0131n\u0131 incele, uygun fiyatlarla bu \u00fcr\u00fcne Kendi<strong> HAUGA depolama kombinasyonunuzu olu\u015fturarak<\/strong> depolama alan\u0131n\u0131z\u0131 en \u00fcst d\u00fczeye<\/p>\n","protected":false},"featured_media":472,"template":"","meta":[],"product_brand":[],"product_cat":[34],"product_tag":[41],"class_list":{"0":"post-470","1":"product","2":"type-product","3":"status-publish","4":"has-post-thumbnail","6":"product_cat-ikinci-el-mobilya","7":"product_tag-ikinci-el-elbise-dolabi","9":"first","10":"instock","11":"sale","12":"shipping-taxable","13":"purchasable","14":"product-type-simple"},"_links":{"self":[{"href":"https:\/\/afacanbilgi.com\/esya\/wp-json\/wp\/v2\/product\/470","targetHints":{"allow":["GET"]}}],"collection":[{"href":"https:\/\/afacanbilgi.com\/esya\/wp-json\/wp\/v2\/product"}],"about":[{"href":"https:\/\/afacanbilgi.com\/esya\/wp-json\/wp\/v2\/types\/product"}],"wp:featuredmedia":[{"embeddable":true,"href":"https:\/\/afacanbilgi.com\/esya\/wp-json\/wp\/v2\/media\/472"}],"wp:attachment":[{"href":"https:\/\/afacanbilgi.com\/esya\/wp-json\/wp\/v2\/media?parent=470"}],"wp:term":[{"taxonomy":"product_brand","embeddable":true,"href":"https:\/\/afacanbilgi.com\/esya\/wp-json\/wp\/v2\/product_brand?post=470"},{"taxonomy":"product_cat","embeddable":true,"href":"https:\/\/afacanbilgi.com\/esya\/wp-json\/wp\/v2\/product_cat?post=470"},{"taxonomy":"product_tag","embeddable":true,"href":"https:\/\/afacanbilgi.com\/esya\/wp-json\/wp\/v2\/product_tag?post=470"}],"curies":[{"name":"wp","href":"https:\/\/api.w.org\/{rel}","templated":true}]}}