{"id":483,"date":"2024-05-25T15:24:54","date_gmt":"2024-05-25T12:24:54","guid":{"rendered":"https:\/\/afacanbilgi.com\/esya\/?post_type=product&#038;p=483"},"modified":"2024-05-25T15:24:54","modified_gmt":"2024-05-25T12:24:54","slug":"insaat-ve-yapi-alanlari-icin-ikinci-el-konteyner-cikma-prefabrik-konteyner","status":"publish","type":"product","link":"https:\/\/afacanbilgi.com\/esya\/urun\/insaat-ve-yapi-alanlari-icin-ikinci-el-konteyner-cikma-prefabrik-konteyner\/","title":{"rendered":"\u0130n\u015faat ve Yap\u0131 Alanlar\u0131 \u0130\u00e7in \u0130kinci El Konteyner \u00e7\u0131kma Prefabrik konteyner"},"content":{"rendered":"<p><img loading=\"lazy\" decoding=\"async\" class=\"aligncenter size-full wp-image-484\" src=\"https:\/\/afacanbilgi.com\/esya\/wp-content\/uploads\/2024\/05\/cikma-Prefabrik-konteyner-1.png\" alt=\"\" width=\"1030\" height=\"543\" title=\"\" srcset=\"https:\/\/afacanbilgi.com\/esya\/wp-content\/uploads\/2024\/05\/cikma-Prefabrik-konteyner-1.png 1030w, https:\/\/afacanbilgi.com\/esya\/wp-content\/uploads\/2024\/05\/cikma-Prefabrik-konteyner-1-600x316.png 600w, https:\/\/afacanbilgi.com\/esya\/wp-content\/uploads\/2024\/05\/cikma-Prefabrik-konteyner-1-300x158.png 300w, https:\/\/afacanbilgi.com\/esya\/wp-content\/uploads\/2024\/05\/cikma-Prefabrik-konteyner-1-1024x540.png 1024w, https:\/\/afacanbilgi.com\/esya\/wp-content\/uploads\/2024\/05\/cikma-Prefabrik-konteyner-1-768x405.png 768w\" sizes=\"auto, (max-width: 1030px) 100vw, 1030px\" \/> <img loading=\"lazy\" decoding=\"async\" class=\"aligncenter size-full wp-image-485\" src=\"https:\/\/afacanbilgi.com\/esya\/wp-content\/uploads\/2024\/05\/cikma-Prefabrik-konteyner-2.png\" alt=\"\" width=\"966\" height=\"489\" title=\"\" srcset=\"https:\/\/afacanbilgi.com\/esya\/wp-content\/uploads\/2024\/05\/cikma-Prefabrik-konteyner-2.png 966w, https:\/\/afacanbilgi.com\/esya\/wp-content\/uploads\/2024\/05\/cikma-Prefabrik-konteyner-2-600x304.png 600w, https:\/\/afacanbilgi.com\/esya\/wp-content\/uploads\/2024\/05\/cikma-Prefabrik-konteyner-2-300x152.png 300w, https:\/\/afacanbilgi.com\/esya\/wp-content\/uploads\/2024\/05\/cikma-Prefabrik-konteyner-2-768x389.png 768w\" sizes=\"auto, (max-width: 966px) 100vw, 966px\" \/> <img loading=\"lazy\" decoding=\"async\" class=\"aligncenter size-full wp-image-486\" src=\"https:\/\/afacanbilgi.com\/esya\/wp-content\/uploads\/2024\/05\/cikma-Prefabrik-konteyner-3.png\" alt=\"\" width=\"1038\" height=\"542\" title=\"\" srcset=\"https:\/\/afacanbilgi.com\/esya\/wp-content\/uploads\/2024\/05\/cikma-Prefabrik-konteyner-3.png 1038w, https:\/\/afacanbilgi.com\/esya\/wp-content\/uploads\/2024\/05\/cikma-Prefabrik-konteyner-3-600x313.png 600w, https:\/\/afacanbilgi.com\/esya\/wp-content\/uploads\/2024\/05\/cikma-Prefabrik-konteyner-3-300x157.png 300w, https:\/\/afacanbilgi.com\/esya\/wp-content\/uploads\/2024\/05\/cikma-Prefabrik-konteyner-3-1024x535.png 1024w, https:\/\/afacanbilgi.com\/esya\/wp-content\/uploads\/2024\/05\/cikma-Prefabrik-konteyner-3-768x401.png 768w\" sizes=\"auto, (max-width: 1038px) 100vw, 1038px\" \/><\/p>\n","protected":false},"excerpt":{"rendered":"<p>\u00e7\u0131kma Prefabrik konteyner El konteyner \u00e7e\u015fitlerinin sahibinden sat\u0131l\u0131k 2.el konteyner fiyatlar\u0131<br \/>\n2.el konteyner 2.el konteyner ev fiyatlar\u0131Sahibinden s\u0131f\u0131r ve ikinci el sanayi makineleri, makine imalat\u00e7\u0131lar\u0131 ve al\u0131m sat\u0131m\u0131 yapan sahibinden sat\u0131l\u0131k 2.el konteyner fiyatlar\u0131 \u00e7orlu, tekirda\u011f yak\u0131n\u0131nda<br \/>\nsahibinden sat\u0131l\u0131k 2.el konteyner fiyatlar\u0131 ankara 2.el konteyner ev fiyatlar\u0131 Panel konteynerd\u0131r. S\u0131cak ve so\u011fu\u011fa kar\u015f\u0131 yal\u0131t\u0131m\u0131 mevcuttur. Soba kullan\u0131labilir.<\/p>\n","protected":false},"featured_media":486,"template":"","meta":[],"product_brand":[],"product_cat":[15],"product_tag":[],"class_list":{"0":"post-483","1":"product","2":"type-product","3":"status-publish","4":"has-post-thumbnail","6":"product_cat-ikinci-el-esya","8":"first","9":"instock","10":"sale","11":"shipping-taxable","12":"purchasable","13":"product-type-simple"},"_links":{"self":[{"href":"https:\/\/afacanbilgi.com\/esya\/wp-json\/wp\/v2\/product\/483","targetHints":{"allow":["GET"]}}],"collection":[{"href":"https:\/\/afacanbilgi.com\/esya\/wp-json\/wp\/v2\/product"}],"about":[{"href":"https:\/\/afacanbilgi.com\/esya\/wp-json\/wp\/v2\/types\/product"}],"wp:featuredmedia":[{"embeddable":true,"href":"https:\/\/afacanbilgi.com\/esya\/wp-json\/wp\/v2\/media\/486"}],"wp:attachment":[{"href":"https:\/\/afacanbilgi.com\/esya\/wp-json\/wp\/v2\/media?parent=483"}],"wp:term":[{"taxonomy":"product_brand","embeddable":true,"href":"https:\/\/afacanbilgi.com\/esya\/wp-json\/wp\/v2\/product_brand?post=483"},{"taxonomy":"product_cat","embeddable":true,"href":"https:\/\/afacanbilgi.com\/esya\/wp-json\/wp\/v2\/product_cat?post=483"},{"taxonomy":"product_tag","embeddable":true,"href":"https:\/\/afacanbilgi.com\/esya\/wp-json\/wp\/v2\/product_tag?post=483"}],"curies":[{"name":"wp","href":"https:\/\/api.w.org\/{rel}","templated":true}]}}