{"id":500,"date":"2024-06-04T13:17:16","date_gmt":"2024-06-04T10:17:16","guid":{"rendered":"https:\/\/afacanbilgi.com\/esya\/?post_type=product&#038;p=500"},"modified":"2024-06-04T13:17:16","modified_gmt":"2024-06-04T10:17:16","slug":"spot-75-80-sanziman-yagi-toptan-ucuz-yaglar-orjinal-urun","status":"publish","type":"product","link":"https:\/\/afacanbilgi.com\/esya\/urun\/spot-75-80-sanziman-yagi-toptan-ucuz-yaglar-orjinal-urun\/","title":{"rendered":"Spot 75 80 \u015fanz\u0131man ya\u011f\u0131 toptan ucuz ya\u011flar orjinal \u00fcr\u00fcn"},"content":{"rendered":"<p><img loading=\"lazy\" decoding=\"async\" class=\"aligncenter size-full wp-image-501\" src=\"https:\/\/afacanbilgi.com\/esya\/wp-content\/uploads\/2024\/06\/Spot-75-80-sanziman-yagi-2.png\" alt=\"\" width=\"915\" height=\"632\" title=\"\" srcset=\"https:\/\/afacanbilgi.com\/esya\/wp-content\/uploads\/2024\/06\/Spot-75-80-sanziman-yagi-2.png 915w, https:\/\/afacanbilgi.com\/esya\/wp-content\/uploads\/2024\/06\/Spot-75-80-sanziman-yagi-2-600x414.png 600w, https:\/\/afacanbilgi.com\/esya\/wp-content\/uploads\/2024\/06\/Spot-75-80-sanziman-yagi-2-300x207.png 300w, https:\/\/afacanbilgi.com\/esya\/wp-content\/uploads\/2024\/06\/Spot-75-80-sanziman-yagi-2-768x530.png 768w\" sizes=\"auto, (max-width: 915px) 100vw, 915px\" \/><\/p>\n<p><img loading=\"lazy\" decoding=\"async\" class=\"aligncenter size-full wp-image-502\" src=\"https:\/\/afacanbilgi.com\/esya\/wp-content\/uploads\/2024\/06\/Spot-75-80-sanziman-yagi-1.png\" alt=\"\" width=\"872\" height=\"610\" title=\"\" srcset=\"https:\/\/afacanbilgi.com\/esya\/wp-content\/uploads\/2024\/06\/Spot-75-80-sanziman-yagi-1.png 872w, https:\/\/afacanbilgi.com\/esya\/wp-content\/uploads\/2024\/06\/Spot-75-80-sanziman-yagi-1-600x420.png 600w, https:\/\/afacanbilgi.com\/esya\/wp-content\/uploads\/2024\/06\/Spot-75-80-sanziman-yagi-1-300x210.png 300w, https:\/\/afacanbilgi.com\/esya\/wp-content\/uploads\/2024\/06\/Spot-75-80-sanziman-yagi-1-768x537.png 768w\" sizes=\"auto, (max-width: 872px) 100vw, 872px\" \/><\/p>\n","protected":false},"excerpt":{"rendered":"<p>\u0130htiya\u00e7 duydu\u011fun temiz su aparatlar\u0131, avantajl\u0131 fiyatlarla Amazon&#8217;da. <strong>75 80 Oto \u015eanz\u0131man ya\u011flar\u0131,<\/strong> otomatik \u015fanz\u0131man ya\u011f\u0131, di\u015fli ya\u011f\u0131 \u00e7e\u015fitleri n11.com&#8217;da! Toyota otomatik \u015fanz\u0131man ya\u011f\u0131 hangisi?<br \/>\nVolkswagen hangi \u015fanz\u0131man ya\u011f\u0131 kullan\u0131yor? Liqui Moly TOP TEC 5200 75W-80 \u015eANZIMAN YA\u011eI 1 Litre. M\u00fckemmel y\u00fcksek bas\u0131n\u00e7 ve Mobil Gear Oil BV 75W-80 &#8211; 20 Litre \u015eanz\u0131man Ya\u011f\u0131 turkoilmarket.com madeni ya\u011f<br \/>\n\u015eanz\u0131man ya\u011f\u0131 ka\u00e7 numara olmas\u0131 laz\u0131m? Total 101 75\/80 (75W80 75 80 )1Lt Total Sanziman Yagi W 540564037 en iyi \u00f6zellikleri ve ger\u00e7ek kullan\u0131c\u0131 yorumlar\u0131<br \/>\n\u015eanz\u0131man ya\u011f\u0131 marka &amp; fiyatlar\u0131 Yedek Par\u00e7a kategorisinde! \u015eimdi sat\u0131n al. Geni\u015f \u00fcr\u00fcn yelpazesi sunan binlerce ma\u011fazadan taksitli online al\u0131\u015fveri\u015f f\u0131rsat\u0131.<\/p>\n","protected":false},"featured_media":501,"template":"","meta":[],"product_brand":[],"product_cat":[15],"product_tag":[],"class_list":{"0":"post-500","1":"product","2":"type-product","3":"status-publish","4":"has-post-thumbnail","6":"product_cat-ikinci-el-esya","8":"first","9":"instock","10":"sale","11":"shipping-taxable","12":"purchasable","13":"product-type-simple"},"_links":{"self":[{"href":"https:\/\/afacanbilgi.com\/esya\/wp-json\/wp\/v2\/product\/500","targetHints":{"allow":["GET"]}}],"collection":[{"href":"https:\/\/afacanbilgi.com\/esya\/wp-json\/wp\/v2\/product"}],"about":[{"href":"https:\/\/afacanbilgi.com\/esya\/wp-json\/wp\/v2\/types\/product"}],"wp:featuredmedia":[{"embeddable":true,"href":"https:\/\/afacanbilgi.com\/esya\/wp-json\/wp\/v2\/media\/501"}],"wp:attachment":[{"href":"https:\/\/afacanbilgi.com\/esya\/wp-json\/wp\/v2\/media?parent=500"}],"wp:term":[{"taxonomy":"product_brand","embeddable":true,"href":"https:\/\/afacanbilgi.com\/esya\/wp-json\/wp\/v2\/product_brand?post=500"},{"taxonomy":"product_cat","embeddable":true,"href":"https:\/\/afacanbilgi.com\/esya\/wp-json\/wp\/v2\/product_cat?post=500"},{"taxonomy":"product_tag","embeddable":true,"href":"https:\/\/afacanbilgi.com\/esya\/wp-json\/wp\/v2\/product_tag?post=500"}],"curies":[{"name":"wp","href":"https:\/\/api.w.org\/{rel}","templated":true}]}}