{"id":509,"date":"2024-06-12T16:31:12","date_gmt":"2024-06-12T13:31:12","guid":{"rendered":"https:\/\/afacanbilgi.com\/esya\/?post_type=product&#038;p=509"},"modified":"2024-06-12T16:31:12","modified_gmt":"2024-06-12T13:31:12","slug":"gecis-seridi-mese-ahsap-damarli-kendinden-yapiskanli-zemin-bolucu-serit-laminat-parke","status":"publish","type":"product","link":"https:\/\/afacanbilgi.com\/esya\/urun\/gecis-seridi-mese-ahsap-damarli-kendinden-yapiskanli-zemin-bolucu-serit-laminat-parke\/","title":{"rendered":"Ge\u00e7i\u015f \u015eeridi Me\u015fe Ah\u015fap Damarl\u0131 Kendinden Yap\u0131\u015fkanl\u0131 Zemin B\u00f6l\u00fcc\u00fc \u015eerit, Laminat Parke"},"content":{"rendered":"<p><img loading=\"lazy\" decoding=\"async\" class=\"aligncenter size-full wp-image-510\" src=\"https:\/\/afacanbilgi.com\/esya\/wp-content\/uploads\/2024\/06\/Gecis-Seridi-Mese-Ahsap-Damarli-Kendinden-Yapiskanli-Zemin-Bolucu-Serit-Laminat-Parke-1.png\" alt=\"\" width=\"835\" height=\"536\" title=\"\" srcset=\"https:\/\/afacanbilgi.com\/esya\/wp-content\/uploads\/2024\/06\/Gecis-Seridi-Mese-Ahsap-Damarli-Kendinden-Yapiskanli-Zemin-Bolucu-Serit-Laminat-Parke-1.png 835w, https:\/\/afacanbilgi.com\/esya\/wp-content\/uploads\/2024\/06\/Gecis-Seridi-Mese-Ahsap-Damarli-Kendinden-Yapiskanli-Zemin-Bolucu-Serit-Laminat-Parke-1-600x385.png 600w, https:\/\/afacanbilgi.com\/esya\/wp-content\/uploads\/2024\/06\/Gecis-Seridi-Mese-Ahsap-Damarli-Kendinden-Yapiskanli-Zemin-Bolucu-Serit-Laminat-Parke-1-300x193.png 300w, https:\/\/afacanbilgi.com\/esya\/wp-content\/uploads\/2024\/06\/Gecis-Seridi-Mese-Ahsap-Damarli-Kendinden-Yapiskanli-Zemin-Bolucu-Serit-Laminat-Parke-1-768x493.png 768w\" sizes=\"auto, (max-width: 835px) 100vw, 835px\" \/> <img loading=\"lazy\" decoding=\"async\" class=\"aligncenter size-full wp-image-511\" src=\"https:\/\/afacanbilgi.com\/esya\/wp-content\/uploads\/2024\/06\/Gecis-Seridi-Mese-Ahsap-Damarli-Kendinden-Yapiskanli-Zemin-Bolucu-Serit-Laminat-Parke-2.png\" alt=\"\" width=\"884\" height=\"535\" title=\"\" srcset=\"https:\/\/afacanbilgi.com\/esya\/wp-content\/uploads\/2024\/06\/Gecis-Seridi-Mese-Ahsap-Damarli-Kendinden-Yapiskanli-Zemin-Bolucu-Serit-Laminat-Parke-2.png 884w, https:\/\/afacanbilgi.com\/esya\/wp-content\/uploads\/2024\/06\/Gecis-Seridi-Mese-Ahsap-Damarli-Kendinden-Yapiskanli-Zemin-Bolucu-Serit-Laminat-Parke-2-600x363.png 600w, https:\/\/afacanbilgi.com\/esya\/wp-content\/uploads\/2024\/06\/Gecis-Seridi-Mese-Ahsap-Damarli-Kendinden-Yapiskanli-Zemin-Bolucu-Serit-Laminat-Parke-2-300x182.png 300w, https:\/\/afacanbilgi.com\/esya\/wp-content\/uploads\/2024\/06\/Gecis-Seridi-Mese-Ahsap-Damarli-Kendinden-Yapiskanli-Zemin-Bolucu-Serit-Laminat-Parke-2-768x465.png 768w\" sizes=\"auto, (max-width: 884px) 100vw, 884px\" \/> <img loading=\"lazy\" decoding=\"async\" class=\"aligncenter size-full wp-image-512\" src=\"https:\/\/afacanbilgi.com\/esya\/wp-content\/uploads\/2024\/06\/Gecis-Seridi-Mese-Ahsap-Damarli-Kendinden-Yapiskanli-Zemin-Bolucu-Serit-Laminat-Parke-3.png\" alt=\"\" width=\"896\" height=\"528\" title=\"\" srcset=\"https:\/\/afacanbilgi.com\/esya\/wp-content\/uploads\/2024\/06\/Gecis-Seridi-Mese-Ahsap-Damarli-Kendinden-Yapiskanli-Zemin-Bolucu-Serit-Laminat-Parke-3.png 896w, https:\/\/afacanbilgi.com\/esya\/wp-content\/uploads\/2024\/06\/Gecis-Seridi-Mese-Ahsap-Damarli-Kendinden-Yapiskanli-Zemin-Bolucu-Serit-Laminat-Parke-3-600x354.png 600w, https:\/\/afacanbilgi.com\/esya\/wp-content\/uploads\/2024\/06\/Gecis-Seridi-Mese-Ahsap-Damarli-Kendinden-Yapiskanli-Zemin-Bolucu-Serit-Laminat-Parke-3-300x177.png 300w, https:\/\/afacanbilgi.com\/esya\/wp-content\/uploads\/2024\/06\/Gecis-Seridi-Mese-Ahsap-Damarli-Kendinden-Yapiskanli-Zemin-Bolucu-Serit-Laminat-Parke-3-768x453.png 768w\" sizes=\"auto, (max-width: 896px) 100vw, 896px\" \/><\/p>\n","protected":false},"excerpt":{"rendered":"<p>Ge\u00e7i\u015f \u015eeridi Me\u015fe Ah\u015fap Damarl\u0131 Kendinden Pvc Zemin Kaplama konusunda lider firmam\u0131z yapt\u0131\u011f\u0131 garantili i\u015flerle 3 metre kendinden yap\u0131\u015fkanl\u0131 hal\u0131 zemin kenar d\u00f6\u015feme \u015ferit d\u00f6\u015feme ge\u00e7i\u015f \u015feritleri zemin tercih nedeni oluyor. Epoksi Zemin konusunda lider firmam\u0131z, yapt\u0131\u011f\u0131 garantili i\u015flerle tercih nedeni oluyor. Yap\u0131\u015fkanl\u0131 Zemin B\u00f6l\u00fcc\u00fc \u015eerit, Laminat Parke  Ge\u00e7i\u015f \u015eeridi Me\u015fe Ah\u015fap Damarl\u0131 Kendinden Yap\u0131\u015fkanl\u0131 Zemin B\u00f6l\u00fcc\u00fc \u015eerit<\/p>\n","protected":false},"featured_media":510,"template":"","meta":[],"product_brand":[],"product_cat":[15,34],"product_tag":[],"class_list":{"0":"post-509","1":"product","2":"type-product","3":"status-publish","4":"has-post-thumbnail","6":"product_cat-ikinci-el-esya","7":"product_cat-ikinci-el-mobilya","9":"first","10":"instock","11":"sale","12":"shipping-taxable","13":"purchasable","14":"product-type-simple"},"_links":{"self":[{"href":"https:\/\/afacanbilgi.com\/esya\/wp-json\/wp\/v2\/product\/509","targetHints":{"allow":["GET"]}}],"collection":[{"href":"https:\/\/afacanbilgi.com\/esya\/wp-json\/wp\/v2\/product"}],"about":[{"href":"https:\/\/afacanbilgi.com\/esya\/wp-json\/wp\/v2\/types\/product"}],"wp:featuredmedia":[{"embeddable":true,"href":"https:\/\/afacanbilgi.com\/esya\/wp-json\/wp\/v2\/media\/510"}],"wp:attachment":[{"href":"https:\/\/afacanbilgi.com\/esya\/wp-json\/wp\/v2\/media?parent=509"}],"wp:term":[{"taxonomy":"product_brand","embeddable":true,"href":"https:\/\/afacanbilgi.com\/esya\/wp-json\/wp\/v2\/product_brand?post=509"},{"taxonomy":"product_cat","embeddable":true,"href":"https:\/\/afacanbilgi.com\/esya\/wp-json\/wp\/v2\/product_cat?post=509"},{"taxonomy":"product_tag","embeddable":true,"href":"https:\/\/afacanbilgi.com\/esya\/wp-json\/wp\/v2\/product_tag?post=509"}],"curies":[{"name":"wp","href":"https:\/\/api.w.org\/{rel}","templated":true}]}}