{"id":538,"date":"2024-07-14T17:50:06","date_gmt":"2024-07-14T14:50:06","guid":{"rendered":"https:\/\/afacanbilgi.com\/esya\/?post_type=product&#038;p=538"},"modified":"2024-07-14T17:50:06","modified_gmt":"2024-07-14T14:50:06","slug":"cikma-insaat-kalibi-ahsap-kalip-tertemiz-kaymak-gibi-kaliplar-cikma-plywood","status":"publish","type":"product","link":"https:\/\/afacanbilgi.com\/esya\/urun\/cikma-insaat-kalibi-ahsap-kalip-tertemiz-kaymak-gibi-kaliplar-cikma-plywood\/","title":{"rendered":"\u00e7\u0131kma in\u015faat kal\u0131b\u0131 ah\u015fap kal\u0131p tertemiz kaymak gibi kal\u0131plar \u00e7\u0131kma plywood"},"content":{"rendered":"<p><img loading=\"lazy\" decoding=\"async\" src=\"https:\/\/afacanbilgi.com\/esya\/wp-content\/uploads\/2024\/07\/cikma-insaat-kalip-plywood-1.png\" alt=\"\" width=\"1112\" height=\"608\" class=\"aligncenter size-full wp-image-539\" title=\"\" srcset=\"https:\/\/afacanbilgi.com\/esya\/wp-content\/uploads\/2024\/07\/cikma-insaat-kalip-plywood-1.png 1112w, https:\/\/afacanbilgi.com\/esya\/wp-content\/uploads\/2024\/07\/cikma-insaat-kalip-plywood-1-600x328.png 600w, https:\/\/afacanbilgi.com\/esya\/wp-content\/uploads\/2024\/07\/cikma-insaat-kalip-plywood-1-300x164.png 300w, https:\/\/afacanbilgi.com\/esya\/wp-content\/uploads\/2024\/07\/cikma-insaat-kalip-plywood-1-1024x560.png 1024w, https:\/\/afacanbilgi.com\/esya\/wp-content\/uploads\/2024\/07\/cikma-insaat-kalip-plywood-1-768x420.png 768w\" sizes=\"auto, (max-width: 1112px) 100vw, 1112px\" \/><\/p>\n<p><img loading=\"lazy\" decoding=\"async\" src=\"https:\/\/afacanbilgi.com\/esya\/wp-content\/uploads\/2024\/07\/cikma-insaat-kalip-plywood-2.png\" alt=\"\" width=\"973\" height=\"616\" class=\"aligncenter size-full wp-image-540\" title=\"\" srcset=\"https:\/\/afacanbilgi.com\/esya\/wp-content\/uploads\/2024\/07\/cikma-insaat-kalip-plywood-2.png 973w, https:\/\/afacanbilgi.com\/esya\/wp-content\/uploads\/2024\/07\/cikma-insaat-kalip-plywood-2-600x380.png 600w, https:\/\/afacanbilgi.com\/esya\/wp-content\/uploads\/2024\/07\/cikma-insaat-kalip-plywood-2-300x190.png 300w, https:\/\/afacanbilgi.com\/esya\/wp-content\/uploads\/2024\/07\/cikma-insaat-kalip-plywood-2-768x486.png 768w\" sizes=\"auto, (max-width: 973px) 100vw, 973px\" \/><\/p>\n<p><img loading=\"lazy\" decoding=\"async\" src=\"https:\/\/afacanbilgi.com\/esya\/wp-content\/uploads\/2024\/07\/cikma-insaat-kalip-plywood-3.png\" alt=\"\" width=\"1021\" height=\"629\" class=\"aligncenter size-full wp-image-541\" title=\"\" srcset=\"https:\/\/afacanbilgi.com\/esya\/wp-content\/uploads\/2024\/07\/cikma-insaat-kalip-plywood-3.png 1021w, https:\/\/afacanbilgi.com\/esya\/wp-content\/uploads\/2024\/07\/cikma-insaat-kalip-plywood-3-600x370.png 600w, https:\/\/afacanbilgi.com\/esya\/wp-content\/uploads\/2024\/07\/cikma-insaat-kalip-plywood-3-300x185.png 300w, https:\/\/afacanbilgi.com\/esya\/wp-content\/uploads\/2024\/07\/cikma-insaat-kalip-plywood-3-768x473.png 768w\" sizes=\"auto, (max-width: 1021px) 100vw, 1021px\" \/><\/p>\n<p><img loading=\"lazy\" decoding=\"async\" src=\"https:\/\/afacanbilgi.com\/esya\/wp-content\/uploads\/2024\/07\/cikma-insaat-kalip-plywood-4.png\" alt=\"\" width=\"907\" height=\"628\" class=\"aligncenter size-full wp-image-542\" title=\"\" srcset=\"https:\/\/afacanbilgi.com\/esya\/wp-content\/uploads\/2024\/07\/cikma-insaat-kalip-plywood-4.png 907w, https:\/\/afacanbilgi.com\/esya\/wp-content\/uploads\/2024\/07\/cikma-insaat-kalip-plywood-4-600x415.png 600w, https:\/\/afacanbilgi.com\/esya\/wp-content\/uploads\/2024\/07\/cikma-insaat-kalip-plywood-4-300x208.png 300w, https:\/\/afacanbilgi.com\/esya\/wp-content\/uploads\/2024\/07\/cikma-insaat-kalip-plywood-4-768x532.png 768w\" sizes=\"auto, (max-width: 907px) 100vw, 907px\" \/><\/p>\n","protected":false},"excerpt":{"rendered":"<p>\u00e7\u0131kma in\u015faat kal\u0131p plywood \u0130n\u015faat \u00dcr\u00fcnleri s\u0131f\u0131r, ikinci el fiyat se\u00e7enekleriyle ilan ve online \u0130N\u015eAAT MALZEMELER\u0130 &#8211; H\u0131rdavat &#038; Nalburiye Yap\u0131 Malzemeleri ikinci el ve s\u0131f\u0131r se\u00e7enekleriyle sahibinden \u0130N\u015eAAT D\u00dcNYASININ \u00c7\u00d6Z\u00dcM ORTA\u011eI * PLYWOOD <\/p>\n","protected":false},"featured_media":540,"template":"","meta":[],"product_brand":[],"product_cat":[34],"product_tag":[],"class_list":{"0":"post-538","1":"product","2":"type-product","3":"status-publish","4":"has-post-thumbnail","6":"product_cat-ikinci-el-mobilya","8":"first","9":"instock","10":"sale","11":"shipping-taxable","12":"purchasable","13":"product-type-simple"},"_links":{"self":[{"href":"https:\/\/afacanbilgi.com\/esya\/wp-json\/wp\/v2\/product\/538","targetHints":{"allow":["GET"]}}],"collection":[{"href":"https:\/\/afacanbilgi.com\/esya\/wp-json\/wp\/v2\/product"}],"about":[{"href":"https:\/\/afacanbilgi.com\/esya\/wp-json\/wp\/v2\/types\/product"}],"wp:featuredmedia":[{"embeddable":true,"href":"https:\/\/afacanbilgi.com\/esya\/wp-json\/wp\/v2\/media\/540"}],"wp:attachment":[{"href":"https:\/\/afacanbilgi.com\/esya\/wp-json\/wp\/v2\/media?parent=538"}],"wp:term":[{"taxonomy":"product_brand","embeddable":true,"href":"https:\/\/afacanbilgi.com\/esya\/wp-json\/wp\/v2\/product_brand?post=538"},{"taxonomy":"product_cat","embeddable":true,"href":"https:\/\/afacanbilgi.com\/esya\/wp-json\/wp\/v2\/product_cat?post=538"},{"taxonomy":"product_tag","embeddable":true,"href":"https:\/\/afacanbilgi.com\/esya\/wp-json\/wp\/v2\/product_tag?post=538"}],"curies":[{"name":"wp","href":"https:\/\/api.w.org\/{rel}","templated":true}]}}