{"id":543,"date":"2024-07-18T10:58:29","date_gmt":"2024-07-18T07:58:29","guid":{"rendered":"https:\/\/afacanbilgi.com\/esya\/?post_type=product&#038;p=543"},"modified":"2024-07-18T10:58:29","modified_gmt":"2024-07-18T07:58:29","slug":"cikma-elektrik-direkleri-5678910-metre-ikinci-el-agac-direkler","status":"publish","type":"product","link":"https:\/\/afacanbilgi.com\/esya\/urun\/cikma-elektrik-direkleri-5678910-metre-ikinci-el-agac-direkler\/","title":{"rendered":"\u00c7\u0131kma elektrik direkleri 5,6,7,8,9,10 metre ikinci el a\u011fa\u00e7 direkler"},"content":{"rendered":"<p><img loading=\"lazy\" decoding=\"async\" src=\"https:\/\/afacanbilgi.com\/esya\/wp-content\/uploads\/2024\/07\/Cikma-elektrik-direkleri-1.png\" alt=\"\" width=\"860\" height=\"626\" class=\"aligncenter size-full wp-image-544\" title=\"\" srcset=\"https:\/\/afacanbilgi.com\/esya\/wp-content\/uploads\/2024\/07\/Cikma-elektrik-direkleri-1.png 860w, https:\/\/afacanbilgi.com\/esya\/wp-content\/uploads\/2024\/07\/Cikma-elektrik-direkleri-1-600x437.png 600w, https:\/\/afacanbilgi.com\/esya\/wp-content\/uploads\/2024\/07\/Cikma-elektrik-direkleri-1-300x218.png 300w, https:\/\/afacanbilgi.com\/esya\/wp-content\/uploads\/2024\/07\/Cikma-elektrik-direkleri-1-768x559.png 768w\" sizes=\"auto, (max-width: 860px) 100vw, 860px\" \/><\/p>\n<p><img loading=\"lazy\" decoding=\"async\" src=\"https:\/\/afacanbilgi.com\/esya\/wp-content\/uploads\/2024\/07\/Cikma-elektrik-direkleri-2.png\" alt=\"\" width=\"980\" height=\"633\" class=\"aligncenter size-full wp-image-545\" title=\"\" srcset=\"https:\/\/afacanbilgi.com\/esya\/wp-content\/uploads\/2024\/07\/Cikma-elektrik-direkleri-2.png 980w, https:\/\/afacanbilgi.com\/esya\/wp-content\/uploads\/2024\/07\/Cikma-elektrik-direkleri-2-600x388.png 600w, https:\/\/afacanbilgi.com\/esya\/wp-content\/uploads\/2024\/07\/Cikma-elektrik-direkleri-2-300x194.png 300w, https:\/\/afacanbilgi.com\/esya\/wp-content\/uploads\/2024\/07\/Cikma-elektrik-direkleri-2-768x496.png 768w\" sizes=\"auto, (max-width: 980px) 100vw, 980px\" \/><\/p>\n<p><img loading=\"lazy\" decoding=\"async\" src=\"https:\/\/afacanbilgi.com\/esya\/wp-content\/uploads\/2024\/07\/Cikma-elektrik-direkleri-3.png\" alt=\"\" width=\"1094\" height=\"631\" class=\"aligncenter size-full wp-image-546\" title=\"\" srcset=\"https:\/\/afacanbilgi.com\/esya\/wp-content\/uploads\/2024\/07\/Cikma-elektrik-direkleri-3.png 1094w, https:\/\/afacanbilgi.com\/esya\/wp-content\/uploads\/2024\/07\/Cikma-elektrik-direkleri-3-600x346.png 600w, https:\/\/afacanbilgi.com\/esya\/wp-content\/uploads\/2024\/07\/Cikma-elektrik-direkleri-3-300x173.png 300w, https:\/\/afacanbilgi.com\/esya\/wp-content\/uploads\/2024\/07\/Cikma-elektrik-direkleri-3-1024x591.png 1024w, https:\/\/afacanbilgi.com\/esya\/wp-content\/uploads\/2024\/07\/Cikma-elektrik-direkleri-3-768x443.png 768w\" sizes=\"auto, (max-width: 1094px) 100vw, 1094px\" \/><\/p>\n","protected":false},"excerpt":{"rendered":"<p><strong>\u00c7\u0131kma elektrik direkleri \u00c7\u0131kma elektrik direkleri.<\/strong> Elektrik direkleri ka\u00e7 metre y\u00fckseklikte olur?<br \/>\nElektrik direkleri aras\u0131 mesafe ne kadar?<br \/>\nEski elektrik direkleri hangi a\u011fa\u00e7tan yap\u0131l\u0131r? T\u00dcRK\u0130YE ELEKTR\u0130K DA\u011eITIM A.\u015e. Malzeme: Her boy ve kal\u0131nl\u0131kta \u015fartnamesine ve standard\u0131na uygun evsafta torna ve HAVA\u0130 HATLAR \u0130\u00c7\u0130N. EMPRENYEL\u0130 A\u011eA\u00c7 TEL 8m 9m 10m boy uzunluklar\u0131.<\/p>\n","protected":false},"featured_media":546,"template":"","meta":[],"product_brand":[],"product_cat":[34],"product_tag":[],"class_list":{"0":"post-543","1":"product","2":"type-product","3":"status-publish","4":"has-post-thumbnail","6":"product_cat-ikinci-el-mobilya","8":"first","9":"instock","10":"sale","11":"shipping-taxable","12":"purchasable","13":"product-type-simple"},"_links":{"self":[{"href":"https:\/\/afacanbilgi.com\/esya\/wp-json\/wp\/v2\/product\/543","targetHints":{"allow":["GET"]}}],"collection":[{"href":"https:\/\/afacanbilgi.com\/esya\/wp-json\/wp\/v2\/product"}],"about":[{"href":"https:\/\/afacanbilgi.com\/esya\/wp-json\/wp\/v2\/types\/product"}],"wp:featuredmedia":[{"embeddable":true,"href":"https:\/\/afacanbilgi.com\/esya\/wp-json\/wp\/v2\/media\/546"}],"wp:attachment":[{"href":"https:\/\/afacanbilgi.com\/esya\/wp-json\/wp\/v2\/media?parent=543"}],"wp:term":[{"taxonomy":"product_brand","embeddable":true,"href":"https:\/\/afacanbilgi.com\/esya\/wp-json\/wp\/v2\/product_brand?post=543"},{"taxonomy":"product_cat","embeddable":true,"href":"https:\/\/afacanbilgi.com\/esya\/wp-json\/wp\/v2\/product_cat?post=543"},{"taxonomy":"product_tag","embeddable":true,"href":"https:\/\/afacanbilgi.com\/esya\/wp-json\/wp\/v2\/product_tag?post=543"}],"curies":[{"name":"wp","href":"https:\/\/api.w.org\/{rel}","templated":true}]}}