{"id":552,"date":"2024-07-22T18:04:18","date_gmt":"2024-07-22T15:04:18","guid":{"rendered":"https:\/\/afacanbilgi.com\/esya\/?post_type=product&#038;p=552"},"modified":"2024-07-22T18:04:18","modified_gmt":"2024-07-22T15:04:18","slug":"fabrikadan-toptan-defolu-beyaz-esya-satan-yerler","status":"publish","type":"product","link":"https:\/\/afacanbilgi.com\/esya\/urun\/fabrikadan-toptan-defolu-beyaz-esya-satan-yerler\/","title":{"rendered":"Fabrikadan toptan defolu beyaz e\u015fya satan yerler"},"content":{"rendered":"<p><img loading=\"lazy\" decoding=\"async\" class=\"aligncenter size-full wp-image-553\" src=\"https:\/\/afacanbilgi.com\/esya\/wp-content\/uploads\/2024\/07\/Fabrikadan-toptan-defolu-beyaz-2.png\" alt=\"\" width=\"1004\" height=\"607\" title=\"\" srcset=\"https:\/\/afacanbilgi.com\/esya\/wp-content\/uploads\/2024\/07\/Fabrikadan-toptan-defolu-beyaz-2.png 1004w, https:\/\/afacanbilgi.com\/esya\/wp-content\/uploads\/2024\/07\/Fabrikadan-toptan-defolu-beyaz-2-600x363.png 600w, https:\/\/afacanbilgi.com\/esya\/wp-content\/uploads\/2024\/07\/Fabrikadan-toptan-defolu-beyaz-2-300x181.png 300w, https:\/\/afacanbilgi.com\/esya\/wp-content\/uploads\/2024\/07\/Fabrikadan-toptan-defolu-beyaz-2-768x464.png 768w\" sizes=\"auto, (max-width: 1004px) 100vw, 1004px\" \/> <img loading=\"lazy\" decoding=\"async\" class=\"aligncenter size-full wp-image-554\" src=\"https:\/\/afacanbilgi.com\/esya\/wp-content\/uploads\/2024\/07\/Fabrikadan-toptan-defolu-beyaz-1.png\" alt=\"\" width=\"1074\" height=\"605\" title=\"\" srcset=\"https:\/\/afacanbilgi.com\/esya\/wp-content\/uploads\/2024\/07\/Fabrikadan-toptan-defolu-beyaz-1.png 1074w, https:\/\/afacanbilgi.com\/esya\/wp-content\/uploads\/2024\/07\/Fabrikadan-toptan-defolu-beyaz-1-600x338.png 600w, https:\/\/afacanbilgi.com\/esya\/wp-content\/uploads\/2024\/07\/Fabrikadan-toptan-defolu-beyaz-1-300x169.png 300w, https:\/\/afacanbilgi.com\/esya\/wp-content\/uploads\/2024\/07\/Fabrikadan-toptan-defolu-beyaz-1-1024x577.png 1024w, https:\/\/afacanbilgi.com\/esya\/wp-content\/uploads\/2024\/07\/Fabrikadan-toptan-defolu-beyaz-1-768x433.png 768w, https:\/\/afacanbilgi.com\/esya\/wp-content\/uploads\/2024\/07\/Fabrikadan-toptan-defolu-beyaz-1-720x405.png 720w\" sizes=\"auto, (max-width: 1074px) 100vw, 1074px\" \/><\/p>\n","protected":false},"excerpt":{"rendered":"<p>Fabrikadan toptan defolu beyaz Buzdolab\u0131, \u00e7ama\u015f\u0131r Fabrikadan Defolu Beyaz E\u015fya Fiyatlar\u0131 S\u0131f\u0131r Defolu Beyaz E\u015fya Fiyatlar\u0131 Fabrikadan Defolu Beyaz E\u015fya nas\u0131l al\u0131n\u0131r DEFOLU Beyaz E\u015fya sahibinden ve bula\u015f\u0131k makinas\u0131 gibi her t\u00fcrl\u00fc beyaz e\u015fya. Toptan elektrik malzemelerinin yan\u0131 s\u0131ra beyaz e\u015fya i\u00e7in yedek par\u00e7a ve aksesuarlar da<\/p>\n","protected":false},"featured_media":553,"template":"","meta":[],"product_brand":[],"product_cat":[33,35],"product_tag":[],"class_list":{"0":"post-552","1":"product","2":"type-product","3":"status-publish","4":"has-post-thumbnail","6":"product_cat-ikinci-el-beyaz-esya","7":"product_cat-spot-defolu-esya","9":"first","10":"instock","11":"sale","12":"shipping-taxable","13":"purchasable","14":"product-type-simple"},"_links":{"self":[{"href":"https:\/\/afacanbilgi.com\/esya\/wp-json\/wp\/v2\/product\/552","targetHints":{"allow":["GET"]}}],"collection":[{"href":"https:\/\/afacanbilgi.com\/esya\/wp-json\/wp\/v2\/product"}],"about":[{"href":"https:\/\/afacanbilgi.com\/esya\/wp-json\/wp\/v2\/types\/product"}],"wp:featuredmedia":[{"embeddable":true,"href":"https:\/\/afacanbilgi.com\/esya\/wp-json\/wp\/v2\/media\/553"}],"wp:attachment":[{"href":"https:\/\/afacanbilgi.com\/esya\/wp-json\/wp\/v2\/media?parent=552"}],"wp:term":[{"taxonomy":"product_brand","embeddable":true,"href":"https:\/\/afacanbilgi.com\/esya\/wp-json\/wp\/v2\/product_brand?post=552"},{"taxonomy":"product_cat","embeddable":true,"href":"https:\/\/afacanbilgi.com\/esya\/wp-json\/wp\/v2\/product_cat?post=552"},{"taxonomy":"product_tag","embeddable":true,"href":"https:\/\/afacanbilgi.com\/esya\/wp-json\/wp\/v2\/product_tag?post=552"}],"curies":[{"name":"wp","href":"https:\/\/api.w.org\/{rel}","templated":true}]}}