{"id":560,"date":"2024-07-31T14:36:24","date_gmt":"2024-07-31T11:36:24","guid":{"rendered":"https:\/\/afacanbilgi.com\/esya\/?post_type=product&#038;p=560"},"modified":"2024-07-31T14:36:24","modified_gmt":"2024-07-31T11:36:24","slug":"cikma-bakir-lama-ikinci-el-bakir-cubuklar-sorunsuz-ucuz","status":"publish","type":"product","link":"https:\/\/afacanbilgi.com\/esya\/urun\/cikma-bakir-lama-ikinci-el-bakir-cubuklar-sorunsuz-ucuz\/","title":{"rendered":"\u00c7\u0131kma bak\u0131r lama ikinci el bak\u0131r \u00e7ubuklar sorunsuz ucuz"},"content":{"rendered":"<p><img loading=\"lazy\" decoding=\"async\" class=\"aligncenter size-full wp-image-561\" src=\"https:\/\/afacanbilgi.com\/esya\/wp-content\/uploads\/2024\/07\/Cikma-bakir-lama-ikinci-el-bakir-cubuklar-2.png\" alt=\"\" width=\"839\" height=\"632\" title=\"\" srcset=\"https:\/\/afacanbilgi.com\/esya\/wp-content\/uploads\/2024\/07\/Cikma-bakir-lama-ikinci-el-bakir-cubuklar-2.png 839w, https:\/\/afacanbilgi.com\/esya\/wp-content\/uploads\/2024\/07\/Cikma-bakir-lama-ikinci-el-bakir-cubuklar-2-600x452.png 600w, https:\/\/afacanbilgi.com\/esya\/wp-content\/uploads\/2024\/07\/Cikma-bakir-lama-ikinci-el-bakir-cubuklar-2-300x226.png 300w, https:\/\/afacanbilgi.com\/esya\/wp-content\/uploads\/2024\/07\/Cikma-bakir-lama-ikinci-el-bakir-cubuklar-2-768x579.png 768w, https:\/\/afacanbilgi.com\/esya\/wp-content\/uploads\/2024\/07\/Cikma-bakir-lama-ikinci-el-bakir-cubuklar-2-160x120.png 160w\" sizes=\"auto, (max-width: 839px) 100vw, 839px\" \/> <img loading=\"lazy\" decoding=\"async\" class=\"aligncenter size-full wp-image-562\" src=\"https:\/\/afacanbilgi.com\/esya\/wp-content\/uploads\/2024\/07\/Cikma-bakir-lama-ikinci-el-bakir-cubuklar-1.png\" alt=\"\" width=\"1087\" height=\"625\" title=\"\" srcset=\"https:\/\/afacanbilgi.com\/esya\/wp-content\/uploads\/2024\/07\/Cikma-bakir-lama-ikinci-el-bakir-cubuklar-1.png 1087w, https:\/\/afacanbilgi.com\/esya\/wp-content\/uploads\/2024\/07\/Cikma-bakir-lama-ikinci-el-bakir-cubuklar-1-600x345.png 600w, https:\/\/afacanbilgi.com\/esya\/wp-content\/uploads\/2024\/07\/Cikma-bakir-lama-ikinci-el-bakir-cubuklar-1-300x172.png 300w, https:\/\/afacanbilgi.com\/esya\/wp-content\/uploads\/2024\/07\/Cikma-bakir-lama-ikinci-el-bakir-cubuklar-1-1024x589.png 1024w, https:\/\/afacanbilgi.com\/esya\/wp-content\/uploads\/2024\/07\/Cikma-bakir-lama-ikinci-el-bakir-cubuklar-1-768x442.png 768w\" sizes=\"auto, (max-width: 1087px) 100vw, 1087px\" \/><\/p>\n","protected":false},"excerpt":{"rendered":"<p>\u00c7\u0131kma bak\u0131r lama ikinci el bak\u0131r \u00e7ubuklar Bak\u0131r Bara Lama \u00c7ubuk Lama Saf Bak\u0131r 10-15-20-25-30 Mm 487296177 &#8211; 10X3 Mm Bak\u0131r Lama-1 Adet 25 Cm en iyi \u00f6zellikleri ve ger\u00e7ek kullan\u0131c\u0131 yorumlar\u0131 en ucuz .<\/p>\n","protected":false},"featured_media":562,"template":"","meta":[],"product_brand":[],"product_cat":[15,36],"product_tag":[],"class_list":{"0":"post-560","1":"product","2":"type-product","3":"status-publish","4":"has-post-thumbnail","6":"product_cat-ikinci-el-esya","7":"product_cat-ikinci-el-is-makineleri","9":"first","10":"instock","11":"sale","12":"shipping-taxable","13":"purchasable","14":"product-type-simple"},"_links":{"self":[{"href":"https:\/\/afacanbilgi.com\/esya\/wp-json\/wp\/v2\/product\/560","targetHints":{"allow":["GET"]}}],"collection":[{"href":"https:\/\/afacanbilgi.com\/esya\/wp-json\/wp\/v2\/product"}],"about":[{"href":"https:\/\/afacanbilgi.com\/esya\/wp-json\/wp\/v2\/types\/product"}],"wp:featuredmedia":[{"embeddable":true,"href":"https:\/\/afacanbilgi.com\/esya\/wp-json\/wp\/v2\/media\/562"}],"wp:attachment":[{"href":"https:\/\/afacanbilgi.com\/esya\/wp-json\/wp\/v2\/media?parent=560"}],"wp:term":[{"taxonomy":"product_brand","embeddable":true,"href":"https:\/\/afacanbilgi.com\/esya\/wp-json\/wp\/v2\/product_brand?post=560"},{"taxonomy":"product_cat","embeddable":true,"href":"https:\/\/afacanbilgi.com\/esya\/wp-json\/wp\/v2\/product_cat?post=560"},{"taxonomy":"product_tag","embeddable":true,"href":"https:\/\/afacanbilgi.com\/esya\/wp-json\/wp\/v2\/product_tag?post=560"}],"curies":[{"name":"wp","href":"https:\/\/api.w.org\/{rel}","templated":true}]}}