{"id":563,"date":"2024-08-04T16:08:24","date_gmt":"2024-08-04T13:08:24","guid":{"rendered":"https:\/\/afacanbilgi.com\/esya\/?post_type=product&#038;p=563"},"modified":"2024-08-04T16:08:25","modified_gmt":"2024-08-04T13:08:25","slug":"cikma-kia-sorento-hava-filtresi-kazani-sorunsuz-cikma-hava-filtresi","status":"publish","type":"product","link":"https:\/\/afacanbilgi.com\/esya\/urun\/cikma-kia-sorento-hava-filtresi-kazani-sorunsuz-cikma-hava-filtresi\/","title":{"rendered":"\u00c7\u0131kma kia sorento hava filtresi kazan\u0131 sorunsuz \u00e7\u0131kma hava filtresi"},"content":{"rendered":"<p><img loading=\"lazy\" decoding=\"async\" src=\"https:\/\/afacanbilgi.com\/esya\/wp-content\/uploads\/2024\/08\/Cikma-kia-sorento-hava-filtresi-kazani-2.png\" alt=\"\" width=\"938\" height=\"614\" class=\"aligncenter size-full wp-image-564\" title=\"\" srcset=\"https:\/\/afacanbilgi.com\/esya\/wp-content\/uploads\/2024\/08\/Cikma-kia-sorento-hava-filtresi-kazani-2.png 938w, https:\/\/afacanbilgi.com\/esya\/wp-content\/uploads\/2024\/08\/Cikma-kia-sorento-hava-filtresi-kazani-2-600x393.png 600w, https:\/\/afacanbilgi.com\/esya\/wp-content\/uploads\/2024\/08\/Cikma-kia-sorento-hava-filtresi-kazani-2-300x196.png 300w, https:\/\/afacanbilgi.com\/esya\/wp-content\/uploads\/2024\/08\/Cikma-kia-sorento-hava-filtresi-kazani-2-768x503.png 768w\" sizes=\"auto, (max-width: 938px) 100vw, 938px\" \/><\/p>\n<p><img loading=\"lazy\" decoding=\"async\" src=\"https:\/\/afacanbilgi.com\/esya\/wp-content\/uploads\/2024\/08\/Cikma-kia-sorento-hava-filtresi-kazani-1.png\" alt=\"\" width=\"974\" height=\"624\" class=\"aligncenter size-full wp-image-565\" title=\"\" srcset=\"https:\/\/afacanbilgi.com\/esya\/wp-content\/uploads\/2024\/08\/Cikma-kia-sorento-hava-filtresi-kazani-1.png 974w, https:\/\/afacanbilgi.com\/esya\/wp-content\/uploads\/2024\/08\/Cikma-kia-sorento-hava-filtresi-kazani-1-600x384.png 600w, https:\/\/afacanbilgi.com\/esya\/wp-content\/uploads\/2024\/08\/Cikma-kia-sorento-hava-filtresi-kazani-1-300x192.png 300w, https:\/\/afacanbilgi.com\/esya\/wp-content\/uploads\/2024\/08\/Cikma-kia-sorento-hava-filtresi-kazani-1-768x492.png 768w\" sizes=\"auto, (max-width: 974px) 100vw, 974px\" \/><\/p>\n","protected":false},"excerpt":{"rendered":"<p>\u00c7\u0131kma kia sorento hava filtresi kazan\u0131 K\u0130A SORENTO HAVA F\u0130LTRE KUTUSU 2.5 D\u0130ZEL Kia Sorento \u00c7\u0131kma Hava Filtre Kutusu &#8230; Kia Sorento yeni ve \u00e7\u0131kma yedek par\u00e7a sat\u0131\u015f\u0131 K\u0130A R\u0130O 1.4 D\u0130ZEL HAVA F\u0130LTRE KUTUSU DORUK OTO \u00c7IKMA Kia Sorento yeni ve \u00e7\u0131kma yedek par\u00e7a sat\u0131\u015f\u0131 yapmaktay\u0131z. Par\u00e7alar\u0131n tamam\u0131 stoklar\u0131m\u0131zda K\u0130A SORENTO HAVA F\u0130LTRE KUTU<\/p>\n","protected":false},"featured_media":565,"template":"","meta":[],"product_brand":[],"product_cat":[15],"product_tag":[],"class_list":{"0":"post-563","1":"product","2":"type-product","3":"status-publish","4":"has-post-thumbnail","6":"product_cat-ikinci-el-esya","8":"first","9":"instock","10":"sale","11":"shipping-taxable","12":"purchasable","13":"product-type-simple"},"_links":{"self":[{"href":"https:\/\/afacanbilgi.com\/esya\/wp-json\/wp\/v2\/product\/563","targetHints":{"allow":["GET"]}}],"collection":[{"href":"https:\/\/afacanbilgi.com\/esya\/wp-json\/wp\/v2\/product"}],"about":[{"href":"https:\/\/afacanbilgi.com\/esya\/wp-json\/wp\/v2\/types\/product"}],"wp:featuredmedia":[{"embeddable":true,"href":"https:\/\/afacanbilgi.com\/esya\/wp-json\/wp\/v2\/media\/565"}],"wp:attachment":[{"href":"https:\/\/afacanbilgi.com\/esya\/wp-json\/wp\/v2\/media?parent=563"}],"wp:term":[{"taxonomy":"product_brand","embeddable":true,"href":"https:\/\/afacanbilgi.com\/esya\/wp-json\/wp\/v2\/product_brand?post=563"},{"taxonomy":"product_cat","embeddable":true,"href":"https:\/\/afacanbilgi.com\/esya\/wp-json\/wp\/v2\/product_cat?post=563"},{"taxonomy":"product_tag","embeddable":true,"href":"https:\/\/afacanbilgi.com\/esya\/wp-json\/wp\/v2\/product_tag?post=563"}],"curies":[{"name":"wp","href":"https:\/\/api.w.org\/{rel}","templated":true}]}}