{"id":567,"date":"2024-08-09T14:37:41","date_gmt":"2024-08-09T11:37:41","guid":{"rendered":"https:\/\/afacanbilgi.com\/esya\/?post_type=product&#038;p=567"},"modified":"2024-08-09T14:37:41","modified_gmt":"2024-08-09T11:37:41","slug":"spot-jelatin-35-ton-toptan-jelatin-satan-yerler","status":"publish","type":"product","link":"https:\/\/afacanbilgi.com\/esya\/urun\/spot-jelatin-35-ton-toptan-jelatin-satan-yerler\/","title":{"rendered":"Spot jelatin 35 ton toptan jelatin satan yerler"},"content":{"rendered":"<p><img loading=\"lazy\" decoding=\"async\" src=\"https:\/\/afacanbilgi.com\/esya\/wp-content\/uploads\/2024\/08\/Spot-jelatin-2.png\" alt=\"\" width=\"741\" height=\"636\" class=\"aligncenter size-full wp-image-568\" title=\"\" srcset=\"https:\/\/afacanbilgi.com\/esya\/wp-content\/uploads\/2024\/08\/Spot-jelatin-2.png 741w, https:\/\/afacanbilgi.com\/esya\/wp-content\/uploads\/2024\/08\/Spot-jelatin-2-600x515.png 600w, https:\/\/afacanbilgi.com\/esya\/wp-content\/uploads\/2024\/08\/Spot-jelatin-2-300x257.png 300w\" sizes=\"auto, (max-width: 741px) 100vw, 741px\" \/><\/p>\n<p><img loading=\"lazy\" decoding=\"async\" src=\"https:\/\/afacanbilgi.com\/esya\/wp-content\/uploads\/2024\/08\/Spot-jelatin-1.png\" alt=\"\" width=\"739\" height=\"629\" class=\"aligncenter size-full wp-image-569\" title=\"\" srcset=\"https:\/\/afacanbilgi.com\/esya\/wp-content\/uploads\/2024\/08\/Spot-jelatin-1.png 739w, https:\/\/afacanbilgi.com\/esya\/wp-content\/uploads\/2024\/08\/Spot-jelatin-1-600x511.png 600w, https:\/\/afacanbilgi.com\/esya\/wp-content\/uploads\/2024\/08\/Spot-jelatin-1-300x255.png 300w\" sizes=\"auto, (max-width: 739px) 100vw, 739px\" \/><\/p>\n","protected":false},"excerpt":{"rendered":"<p>Spot jelatin Jelatin y\u00fcz derecede bozulur ve b\u00f6ylece En sa\u011fl\u0131kl\u0131 jelatin hangisi?<br \/>\nKa\u00e7 \u00e7e\u015fit jelatin vard\u0131r?<br \/>\n6 gr jelatine ne kadar su konur?<br \/>\nDr Gusto toz jelatin nas\u0131l kullan\u0131l\u0131r?<br \/>\n k\u0131vam artt\u0131r\u0131c\u0131 ve jelle\u015ftirici \u00f6zelli\u011fini kaybeder. E\u011fer s\u0131cak \u00fcretimde jelatin kullan\u0131lacaksa jelatin son a\u015famada<\/p>\n","protected":false},"featured_media":569,"template":"","meta":[],"product_brand":[],"product_cat":[35],"product_tag":[],"class_list":{"0":"post-567","1":"product","2":"type-product","3":"status-publish","4":"has-post-thumbnail","6":"product_cat-spot-defolu-esya","8":"first","9":"instock","10":"sale","11":"shipping-taxable","12":"purchasable","13":"product-type-simple"},"_links":{"self":[{"href":"https:\/\/afacanbilgi.com\/esya\/wp-json\/wp\/v2\/product\/567","targetHints":{"allow":["GET"]}}],"collection":[{"href":"https:\/\/afacanbilgi.com\/esya\/wp-json\/wp\/v2\/product"}],"about":[{"href":"https:\/\/afacanbilgi.com\/esya\/wp-json\/wp\/v2\/types\/product"}],"wp:featuredmedia":[{"embeddable":true,"href":"https:\/\/afacanbilgi.com\/esya\/wp-json\/wp\/v2\/media\/569"}],"wp:attachment":[{"href":"https:\/\/afacanbilgi.com\/esya\/wp-json\/wp\/v2\/media?parent=567"}],"wp:term":[{"taxonomy":"product_brand","embeddable":true,"href":"https:\/\/afacanbilgi.com\/esya\/wp-json\/wp\/v2\/product_brand?post=567"},{"taxonomy":"product_cat","embeddable":true,"href":"https:\/\/afacanbilgi.com\/esya\/wp-json\/wp\/v2\/product_cat?post=567"},{"taxonomy":"product_tag","embeddable":true,"href":"https:\/\/afacanbilgi.com\/esya\/wp-json\/wp\/v2\/product_tag?post=567"}],"curies":[{"name":"wp","href":"https:\/\/api.w.org\/{rel}","templated":true}]}}