{"id":570,"date":"2024-08-16T18:33:17","date_gmt":"2024-08-16T15:33:17","guid":{"rendered":"https:\/\/afacanbilgi.com\/esya\/?post_type=product&#038;p=570"},"modified":"2024-08-16T18:33:17","modified_gmt":"2024-08-16T15:33:17","slug":"400luk-500luk-600luk-kablo-tavasi-toptan-spot-urunler","status":"publish","type":"product","link":"https:\/\/afacanbilgi.com\/esya\/urun\/400luk-500luk-600luk-kablo-tavasi-toptan-spot-urunler\/","title":{"rendered":"400L\u00dcK 500L\u00dcK 600L\u00dcK KABLO TAVASI TOPTAN SPOT \u00dcR\u00dcNLER"},"content":{"rendered":"<p><img loading=\"lazy\" decoding=\"async\" src=\"https:\/\/afacanbilgi.com\/esya\/wp-content\/uploads\/2024\/08\/400LUK-500LUK-600LUK-KABLO-TAVASI-3.png\" alt=\"\" width=\"979\" height=\"630\" class=\"aligncenter size-full wp-image-571\" title=\"\" srcset=\"https:\/\/afacanbilgi.com\/esya\/wp-content\/uploads\/2024\/08\/400LUK-500LUK-600LUK-KABLO-TAVASI-3.png 979w, https:\/\/afacanbilgi.com\/esya\/wp-content\/uploads\/2024\/08\/400LUK-500LUK-600LUK-KABLO-TAVASI-3-600x386.png 600w, https:\/\/afacanbilgi.com\/esya\/wp-content\/uploads\/2024\/08\/400LUK-500LUK-600LUK-KABLO-TAVASI-3-300x193.png 300w, https:\/\/afacanbilgi.com\/esya\/wp-content\/uploads\/2024\/08\/400LUK-500LUK-600LUK-KABLO-TAVASI-3-768x494.png 768w\" sizes=\"auto, (max-width: 979px) 100vw, 979px\" \/><\/p>\n<p><img loading=\"lazy\" decoding=\"async\" src=\"https:\/\/afacanbilgi.com\/esya\/wp-content\/uploads\/2024\/08\/400LUK-500LUK-600LUK-KABLO-TAVASI-1.png\" alt=\"\" width=\"741\" height=\"632\" class=\"aligncenter size-full wp-image-572\" title=\"\" srcset=\"https:\/\/afacanbilgi.com\/esya\/wp-content\/uploads\/2024\/08\/400LUK-500LUK-600LUK-KABLO-TAVASI-1.png 741w, https:\/\/afacanbilgi.com\/esya\/wp-content\/uploads\/2024\/08\/400LUK-500LUK-600LUK-KABLO-TAVASI-1-600x512.png 600w, https:\/\/afacanbilgi.com\/esya\/wp-content\/uploads\/2024\/08\/400LUK-500LUK-600LUK-KABLO-TAVASI-1-300x256.png 300w\" sizes=\"auto, (max-width: 741px) 100vw, 741px\" \/><\/p>\n<p><img loading=\"lazy\" decoding=\"async\" src=\"https:\/\/afacanbilgi.com\/esya\/wp-content\/uploads\/2024\/08\/400LUK-500LUK-600LUK-KABLO-TAVASI-2.png\" alt=\"\" width=\"985\" height=\"625\" class=\"aligncenter size-full wp-image-573\" title=\"\" srcset=\"https:\/\/afacanbilgi.com\/esya\/wp-content\/uploads\/2024\/08\/400LUK-500LUK-600LUK-KABLO-TAVASI-2.png 985w, https:\/\/afacanbilgi.com\/esya\/wp-content\/uploads\/2024\/08\/400LUK-500LUK-600LUK-KABLO-TAVASI-2-600x381.png 600w, https:\/\/afacanbilgi.com\/esya\/wp-content\/uploads\/2024\/08\/400LUK-500LUK-600LUK-KABLO-TAVASI-2-300x190.png 300w, https:\/\/afacanbilgi.com\/esya\/wp-content\/uploads\/2024\/08\/400LUK-500LUK-600LUK-KABLO-TAVASI-2-768x487.png 768w\" sizes=\"auto, (max-width: 985px) 100vw, 985px\" \/><\/p>\n","protected":false},"excerpt":{"rendered":"<p>400L\u00dcK 500L\u00dcK 600L\u00dcK KABLO TAVASI \u0130kinci El ve S\u0131f\u0131r Al\u0131\u015fveri\u015f \/ Bah\u00e7e &#038; Yap\u0131 Market \/ Yap\u0131 Malzemeleri \/ Elektrik Tesisat\u0131 \u00b7 EAE MARKA KABLO TAVASI 400l\u00fck Fiberglas Kablo Merdiven sistemleri. T\u00fcm d\u00fcnyada kablo destek sistemleri i\u00e7in end\u00fcstri 500l\u00fck 600l\u00fck<\/p>\n","protected":false},"featured_media":572,"template":"","meta":[],"product_brand":[],"product_cat":[15],"product_tag":[],"class_list":{"0":"post-570","1":"product","2":"type-product","3":"status-publish","4":"has-post-thumbnail","6":"product_cat-ikinci-el-esya","8":"first","9":"instock","10":"sale","11":"shipping-taxable","12":"purchasable","13":"product-type-simple"},"_links":{"self":[{"href":"https:\/\/afacanbilgi.com\/esya\/wp-json\/wp\/v2\/product\/570","targetHints":{"allow":["GET"]}}],"collection":[{"href":"https:\/\/afacanbilgi.com\/esya\/wp-json\/wp\/v2\/product"}],"about":[{"href":"https:\/\/afacanbilgi.com\/esya\/wp-json\/wp\/v2\/types\/product"}],"wp:featuredmedia":[{"embeddable":true,"href":"https:\/\/afacanbilgi.com\/esya\/wp-json\/wp\/v2\/media\/572"}],"wp:attachment":[{"href":"https:\/\/afacanbilgi.com\/esya\/wp-json\/wp\/v2\/media?parent=570"}],"wp:term":[{"taxonomy":"product_brand","embeddable":true,"href":"https:\/\/afacanbilgi.com\/esya\/wp-json\/wp\/v2\/product_brand?post=570"},{"taxonomy":"product_cat","embeddable":true,"href":"https:\/\/afacanbilgi.com\/esya\/wp-json\/wp\/v2\/product_cat?post=570"},{"taxonomy":"product_tag","embeddable":true,"href":"https:\/\/afacanbilgi.com\/esya\/wp-json\/wp\/v2\/product_tag?post=570"}],"curies":[{"name":"wp","href":"https:\/\/api.w.org\/{rel}","templated":true}]}}