{"id":582,"date":"2024-08-25T16:37:56","date_gmt":"2024-08-25T13:37:56","guid":{"rendered":"https:\/\/afacanbilgi.com\/esya\/?post_type=product&#038;p=582"},"modified":"2024-08-25T16:37:56","modified_gmt":"2024-08-25T13:37:56","slug":"ikinci-el-tuz-lambasi-bol-miktarda-500-adet-cikma-tuz-lambasi","status":"publish","type":"product","link":"https:\/\/afacanbilgi.com\/esya\/urun\/ikinci-el-tuz-lambasi-bol-miktarda-500-adet-cikma-tuz-lambasi\/","title":{"rendered":"ikinci el tuz lambas\u0131 bol miktarda 500 adet \u00e7\u0131kma tuz lambas\u0131"},"content":{"rendered":"<p>Tuz lambas\u0131 \u00f6mr\u00fc ne kadar?<br \/>\nTuz eriyen bir maddedir ve iyonlar\u0131n eriyip havaya kar\u0131\u015fmas\u0131 amac\u0131yla i\u00e7inde bir lamba veya mum yanmaktad\u0131r ancak bu erime olduk\u00e7a yava\u015f olmakta nemli ortamdan uzak tutulup do\u011fru bir \u015fekilde kullan\u0131ld\u0131\u011f\u0131nda \u00f6mr\u00fc 15 seneye kadar \u00e7\u0131kmaktad\u0131r.<\/p>\n","protected":false},"excerpt":{"rendered":"<p>ikinci el tuz lambas\u0131 \u00c7ank\u0131r\u0131 Kaya ikinci el Tuzu Tuz Lambas\u0131 2-3 Kg Tuz Sabunu Hediyeli; \u00c7ANKIRI tuz lambas\u0131 \u00e7\u0131kma \u0130kinci El F\u0131rsatlar Bu \u00dcr\u00fcnler Yaln\u0131zca \u0130kinci Elde Bro\u015f\u00fcrler Tuz lambas\u0131 en uygun fiyatlarla marka tescilli \u00c7ank\u0131r\u0131 Tuz Lamba&#8217;da! \u00c7ank\u0131r\u0131 Tuz Lamba, Tu\u011flas\u0131nda 20 Y\u0131ll\u0131k Deneyim, G\u00fcvenli Al\u0131\u015fveri\u015f, Kaliteli \u00dcr\u00fcn ve Hizmetler. Toptan Tuz<\/p>\n","protected":false},"featured_media":585,"template":"","meta":[],"product_brand":[],"product_cat":[15],"product_tag":[],"class_list":{"0":"post-582","1":"product","2":"type-product","3":"status-publish","4":"has-post-thumbnail","6":"product_cat-ikinci-el-esya","8":"first","9":"instock","10":"sale","11":"shipping-taxable","12":"purchasable","13":"product-type-simple"},"_links":{"self":[{"href":"https:\/\/afacanbilgi.com\/esya\/wp-json\/wp\/v2\/product\/582","targetHints":{"allow":["GET"]}}],"collection":[{"href":"https:\/\/afacanbilgi.com\/esya\/wp-json\/wp\/v2\/product"}],"about":[{"href":"https:\/\/afacanbilgi.com\/esya\/wp-json\/wp\/v2\/types\/product"}],"wp:featuredmedia":[{"embeddable":true,"href":"https:\/\/afacanbilgi.com\/esya\/wp-json\/wp\/v2\/media\/585"}],"wp:attachment":[{"href":"https:\/\/afacanbilgi.com\/esya\/wp-json\/wp\/v2\/media?parent=582"}],"wp:term":[{"taxonomy":"product_brand","embeddable":true,"href":"https:\/\/afacanbilgi.com\/esya\/wp-json\/wp\/v2\/product_brand?post=582"},{"taxonomy":"product_cat","embeddable":true,"href":"https:\/\/afacanbilgi.com\/esya\/wp-json\/wp\/v2\/product_cat?post=582"},{"taxonomy":"product_tag","embeddable":true,"href":"https:\/\/afacanbilgi.com\/esya\/wp-json\/wp\/v2\/product_tag?post=582"}],"curies":[{"name":"wp","href":"https:\/\/api.w.org\/{rel}","templated":true}]}}