{"id":593,"date":"2024-10-04T10:43:52","date_gmt":"2024-10-04T07:43:52","guid":{"rendered":"https:\/\/afacanbilgi.com\/esya\/?post_type=product&#038;p=593"},"modified":"2024-10-04T10:43:52","modified_gmt":"2024-10-04T07:43:52","slug":"cikma-profil-galvaniz-profil-100100-8080-120120-ebat-olcu","status":"publish","type":"product","link":"https:\/\/afacanbilgi.com\/esya\/urun\/cikma-profil-galvaniz-profil-100100-8080-120120-ebat-olcu\/","title":{"rendered":"\u00c7\u0131kma profil galvaniz profil 100*100 80*80 120*120 ebat \u00f6l\u00e7\u00fc"},"content":{"rendered":"<p>Demir profil, in\u015faat, makine imalat\u0131, otomotiv ve pek \u00e7ok end\u00fcstriyel alanda temel yap\u0131 malzemesi olarak kullan\u0131lan, \u00e7e\u015fitli \u015fekil ve boyutlarda \u00fcretilen demir bazl\u0131 bir \u00fcr\u00fcnd\u00fcr. En yayg\u0131n demir profil \u00e7e\u015fitleri aras\u0131nda; kare, dikd\u00f6rtgen, yuvarlak ve \u00f6zel kesitli profiller yer al\u0131r.<\/p>\n","protected":false},"excerpt":{"rendered":"<p>\u00c7\u0131kma profil galvaniz profil Farkl\u0131 kutu\u00a0<strong><a href=\"https:\/\/www.google.com\/search?q=profil+nedir&amp;sca_esv=e36dedb6b3bd1831&amp;rlz=1C1CHZN_trTR1057TR1057&amp;ei=kJz_Zp7IKpyRxc8PrJjCgA4&amp;ved=0ahUKEwie0PuVnfSIAxWcSPEDHSyMEOAQ4dUDCA8&amp;uact=5&amp;oq=profil+nedir&amp;gs_lp=Egxnd3Mtd2l6LXNlcnAiDHByb2ZpbCBuZWRpcjIFEAAYgAQyBRAAGIAEMgUQABiABDIFEAAYgAQyBhAAGBYYHjIGEAAYFhgeMgYQABgWGB4yBhAAGBYYHjIIEAAYFhgeGA8yCBAAGBYYHhgPSJkKUGxY3AlwAXgBkAEAmAGjAaAB0ASqAQMxLjS4AQPIAQD4AQGYAgagAocFwgIKEAAYsAMY1gQYR8ICDRAAGIAEGLADGEMYigXCAggQABiABBixA8ICChAAGIAEGEMYigWYAwCIBgGQBgqSBwMxLjWgB94Z&amp;sclient=gws-wiz-serp\"><em class=\"TNT2l AStapd\">profil<\/em>\u00a0<\/a><\/strong>tekliflerini \u00dcR\u00dcNLER\u0130M\u0130Z 0.40-0.50 aras\u0131d\u0131r 6 mt tam boy 1 mt kapat\u0131rd\u0131r \u00fcr\u00fcnler gayet temiz ve T\u00fcrkiye&#8217;nin en b\u00fcy\u00fck \u00e7elik eticaret sitesinde inceleyin. Pazaryeri tedarik\u00e7ilerinin Metal, Demir, \u00c7elik Profil &#8230; 1979&#8217;dan beri demir \u00e7elik ve Profil (Kutu-Dikd\u00f6rtgen Demir Profil) \u00c7\u0131kma &#8211; Hurda Profil (\u0130kinci El Profil) Boru metal sekt\u00f6r\u00fcnde hizmet veren firmam\u0131z, S\u0131f\u0131r Birinci Kalite kutu\u00a0<em class=\"TNT2l AStapd\">profil<\/em>\u00a0tekliflerine<\/p>\n","protected":false},"featured_media":595,"template":"","meta":[],"product_brand":[],"product_cat":[15],"product_tag":[],"class_list":{"0":"post-593","1":"product","2":"type-product","3":"status-publish","4":"has-post-thumbnail","6":"product_cat-ikinci-el-esya","8":"first","9":"instock","10":"sale","11":"shipping-taxable","12":"purchasable","13":"product-type-simple"},"_links":{"self":[{"href":"https:\/\/afacanbilgi.com\/esya\/wp-json\/wp\/v2\/product\/593","targetHints":{"allow":["GET"]}}],"collection":[{"href":"https:\/\/afacanbilgi.com\/esya\/wp-json\/wp\/v2\/product"}],"about":[{"href":"https:\/\/afacanbilgi.com\/esya\/wp-json\/wp\/v2\/types\/product"}],"wp:featuredmedia":[{"embeddable":true,"href":"https:\/\/afacanbilgi.com\/esya\/wp-json\/wp\/v2\/media\/595"}],"wp:attachment":[{"href":"https:\/\/afacanbilgi.com\/esya\/wp-json\/wp\/v2\/media?parent=593"}],"wp:term":[{"taxonomy":"product_brand","embeddable":true,"href":"https:\/\/afacanbilgi.com\/esya\/wp-json\/wp\/v2\/product_brand?post=593"},{"taxonomy":"product_cat","embeddable":true,"href":"https:\/\/afacanbilgi.com\/esya\/wp-json\/wp\/v2\/product_cat?post=593"},{"taxonomy":"product_tag","embeddable":true,"href":"https:\/\/afacanbilgi.com\/esya\/wp-json\/wp\/v2\/product_tag?post=593"}],"curies":[{"name":"wp","href":"https:\/\/api.w.org\/{rel}","templated":true}]}}