{"id":599,"date":"2024-10-09T14:42:24","date_gmt":"2024-10-09T11:42:24","guid":{"rendered":"https:\/\/afacanbilgi.com\/esya\/?post_type=product&#038;p=599"},"modified":"2024-10-09T14:42:25","modified_gmt":"2024-10-09T11:42:25","slug":"cikma-damlama-hortumu-cok-yillik-kullanilabilir-damlama-borulari","status":"publish","type":"product","link":"https:\/\/afacanbilgi.com\/esya\/urun\/cikma-damlama-hortumu-cok-yillik-kullanilabilir-damlama-borulari\/","title":{"rendered":"\u00c7\u0131kma damlama hortumu \u00c7OK YILLIK KULLANILAB\u0130L\u0130R DAMLAMA BORULARI"},"content":{"rendered":"","protected":false},"excerpt":{"rendered":"<p>\u00c7\u0131kma damlama hortumu Uygun fiyatlar ve h\u0131zl\u0131 kargo Sulama Gere\u00e7leri Damlama \u00c7\u0131k\u0131\u015f Nipeli 16x16mm 100 Adet \u00b7 \u0130\u00e7 y\u00fczeyleri homojen ve g\u00f6zeneksizdir. <strong>DAMLAMA BORULARI PAR\u00c7ALARI<\/strong> Sel Hose Distrib\u00fct\u00f6r \u2014 biggest hydraulic Hose supplier in TURKEY and er are Sel Hose dealer. T\u00fcrkiye&#8217;nin \u0130lk ve Tek Hortum Marketi. Hortumun DAMLAMA 4&#8217;L\u00dc DA\u011eITICI 17&#8243; REKORLU UV \u0131\u015f\u0131nlar\u0131n\u0131 ge\u00e7irmedi\u011fi i\u00e7in yosunlanmaya ve bakteri \u00fcremesine izin vermez Fiyatlar\u0131 ; sondaj kuyu borusu. 900 TL. A\u011fr\u0131, Do\u011fubayaz\u0131t ; sulama borusu. 1 400 Metre Damla Sulama Hortumu. Uygun fiyata \u00fccretsiz<\/p>\n","protected":false},"featured_media":600,"template":"","meta":[],"product_brand":[],"product_cat":[15],"product_tag":[],"class_list":{"0":"post-599","1":"product","2":"type-product","3":"status-publish","4":"has-post-thumbnail","6":"product_cat-ikinci-el-esya","8":"first","9":"instock","10":"sale","11":"shipping-taxable","12":"purchasable","13":"product-type-simple"},"_links":{"self":[{"href":"https:\/\/afacanbilgi.com\/esya\/wp-json\/wp\/v2\/product\/599","targetHints":{"allow":["GET"]}}],"collection":[{"href":"https:\/\/afacanbilgi.com\/esya\/wp-json\/wp\/v2\/product"}],"about":[{"href":"https:\/\/afacanbilgi.com\/esya\/wp-json\/wp\/v2\/types\/product"}],"wp:featuredmedia":[{"embeddable":true,"href":"https:\/\/afacanbilgi.com\/esya\/wp-json\/wp\/v2\/media\/600"}],"wp:attachment":[{"href":"https:\/\/afacanbilgi.com\/esya\/wp-json\/wp\/v2\/media?parent=599"}],"wp:term":[{"taxonomy":"product_brand","embeddable":true,"href":"https:\/\/afacanbilgi.com\/esya\/wp-json\/wp\/v2\/product_brand?post=599"},{"taxonomy":"product_cat","embeddable":true,"href":"https:\/\/afacanbilgi.com\/esya\/wp-json\/wp\/v2\/product_cat?post=599"},{"taxonomy":"product_tag","embeddable":true,"href":"https:\/\/afacanbilgi.com\/esya\/wp-json\/wp\/v2\/product_tag?post=599"}],"curies":[{"name":"wp","href":"https:\/\/api.w.org\/{rel}","templated":true}]}}