{"id":675,"date":"2025-12-27T13:54:28","date_gmt":"2025-12-27T10:54:28","guid":{"rendered":"https:\/\/afacanbilgi.com\/esya\/?post_type=product&#038;p=675"},"modified":"2025-12-27T13:54:28","modified_gmt":"2025-12-27T10:54:28","slug":"2-el-italyan-mali-step-motor-1-8-derece-bipolar-yuksek-tork","status":"publish","type":"product","link":"https:\/\/afacanbilgi.com\/esya\/urun\/2-el-italyan-mali-step-motor-1-8-derece-bipolar-yuksek-tork\/","title":{"rendered":"2.el \u0130TALYAN MALI &#8211; Step Motor 1.8 Derece Bipolar Y\u00fcksek Tork"},"content":{"rendered":"<p>S\u0131n\u0131rl\u0131 Say\u0131da \u00c7al\u0131\u015fan cihazlardan s\u00f6k\u00fcld\u00fc. Sorunsuz \u00e7al\u0131\u015f\u0131yor. D\u00f6rt kablolu Teknik detaylar: HY200 -2240 -0240 -AC04 MADE IN ITALY NEMA 23 Long 3 stage CNC High Torque \/ Speed Stepper Motor with two coils (4 wires) Model MAE SPA HY200 -2240 -0240 -AC04 -A3140I Step Angle 1.8 degrees, Step Angle Accuracy 5%, Rated Phase Current 3.1A, Phase Resistance 0.90 ohm, Maximum application voltage 90V. Phase Inductance 2.9 mH, Holding Torque unipolar 2phase on 141Ncm, Holding Torque bipolar 2phases on 182Ncm. That is equivalent to a NEMA 34 single stage stepper motor. Diameter is 2 1\/8&#8243; (G\u00f6vde \u00c7ap\u0131=yakla\u015f\u0131k 54mm) 4 inches long three stage (G\u00f6vde Boyu=yakla\u015f\u0131k 102mm) Shaft 1\/4&#8243; diameter (\u015eaft \u00e7ap\u0131 yakla\u015f\u0131k=6.35mm) Shaft 3\/4&#8243; long. (\u015faft boyu yakla\u015f\u0131k=19mm) The standard is two stages long and short is one stage long 4<\/p>\n<p><img loading=\"lazy\" decoding=\"async\" src=\"https:\/\/afacanbilgi.com\/esya\/wp-content\/uploads\/2025\/12\/2.el-ITALYAN-MALI-Step-Motor-1.8-Derece-Bipolar-Yuksek-Tork-3.png\" alt=\"\" width=\"1145\" height=\"858\" class=\"aligncenter size-full wp-image-678\" title=\"\" srcset=\"https:\/\/afacanbilgi.com\/esya\/wp-content\/uploads\/2025\/12\/2.el-ITALYAN-MALI-Step-Motor-1.8-Derece-Bipolar-Yuksek-Tork-3.png 1145w, https:\/\/afacanbilgi.com\/esya\/wp-content\/uploads\/2025\/12\/2.el-ITALYAN-MALI-Step-Motor-1.8-Derece-Bipolar-Yuksek-Tork-3-300x225.png 300w, https:\/\/afacanbilgi.com\/esya\/wp-content\/uploads\/2025\/12\/2.el-ITALYAN-MALI-Step-Motor-1.8-Derece-Bipolar-Yuksek-Tork-3-1024x767.png 1024w, https:\/\/afacanbilgi.com\/esya\/wp-content\/uploads\/2025\/12\/2.el-ITALYAN-MALI-Step-Motor-1.8-Derece-Bipolar-Yuksek-Tork-3-768x575.png 768w, https:\/\/afacanbilgi.com\/esya\/wp-content\/uploads\/2025\/12\/2.el-ITALYAN-MALI-Step-Motor-1.8-Derece-Bipolar-Yuksek-Tork-3-160x120.png 160w, https:\/\/afacanbilgi.com\/esya\/wp-content\/uploads\/2025\/12\/2.el-ITALYAN-MALI-Step-Motor-1.8-Derece-Bipolar-Yuksek-Tork-3-600x450.png 600w\" sizes=\"auto, (max-width: 1145px) 100vw, 1145px\" \/><\/p>\n","protected":false},"excerpt":{"rendered":"<p>2.el \u0130TALYAN MALI &#8211; Step Motor 1.8 Derece Bipolar Y\u00fcksek Tork<\/p>\n","protected":false},"featured_media":676,"template":"","meta":[],"product_brand":[],"product_cat":[15],"product_tag":[],"class_list":{"0":"post-675","1":"product","2":"type-product","3":"status-publish","4":"has-post-thumbnail","6":"product_cat-ikinci-el-esya","8":"first","9":"instock","10":"sale","11":"shipping-taxable","12":"purchasable","13":"product-type-simple"},"_links":{"self":[{"href":"https:\/\/afacanbilgi.com\/esya\/wp-json\/wp\/v2\/product\/675","targetHints":{"allow":["GET"]}}],"collection":[{"href":"https:\/\/afacanbilgi.com\/esya\/wp-json\/wp\/v2\/product"}],"about":[{"href":"https:\/\/afacanbilgi.com\/esya\/wp-json\/wp\/v2\/types\/product"}],"wp:featuredmedia":[{"embeddable":true,"href":"https:\/\/afacanbilgi.com\/esya\/wp-json\/wp\/v2\/media\/676"}],"wp:attachment":[{"href":"https:\/\/afacanbilgi.com\/esya\/wp-json\/wp\/v2\/media?parent=675"}],"wp:term":[{"taxonomy":"product_brand","embeddable":true,"href":"https:\/\/afacanbilgi.com\/esya\/wp-json\/wp\/v2\/product_brand?post=675"},{"taxonomy":"product_cat","embeddable":true,"href":"https:\/\/afacanbilgi.com\/esya\/wp-json\/wp\/v2\/product_cat?post=675"},{"taxonomy":"product_tag","embeddable":true,"href":"https:\/\/afacanbilgi.com\/esya\/wp-json\/wp\/v2\/product_tag?post=675"}],"curies":[{"name":"wp","href":"https:\/\/api.w.org\/{rel}","templated":true}]}}